{"id":8659,"date":"2021-09-30T10:12:01","date_gmt":"2022-01-13T16:21:16","guid":{"rendered":"https:\/\/pinecco.com\/toode\/the-coasters-with-funny-sayings-4pcs\/"},"modified":"2022-09-06T21:49:29","modified_gmt":"2022-09-06T18:49:29","slug":"sonumitega-tassialused-4tk","status":"publish","type":"product","link":"https:\/\/pinecco.com\/en\/product\/sonumitega-tassialused-4tk\/","title":{"rendered":"The coasters with funny sayings, 4pcs"},"content":{"rendered":"<p>The coasters with funny sayings are made of 3mm plywood and oiled with natural oil wax. You can choose the color from the color chart in the product photos. The coasters in the photo are oiled with light brown oil wax.<\/p>\n<p>The pre-design of the coasters has the following messages:<\/p>\n<ul>\n<li>J\u00e4\u00e4n iseendaks, teised kohad on juba v\u00f5etud.<\/li>\n<li>Mu pea on sirge ja samm selge.<\/li>\n<li>Joomine eemaldab soolat\u00fc\u00fckad ja vistrikud. &#8230;nendelt, keda vaatan.<\/li>\n<li>Mul on v\u00e4hen\u00f5udlik maitse: mulle piisab t\u00e4iesti vaid k\u00f5ige paremast.<\/li>\n<\/ul>\n<p>If you want coasters with your messages, choose a special design for the shopping cart and please write us the messages you want for cups.<\/p>\n<p>The coasters are packed in a nice box with a velvet base.<\/p>\n<p>Diameter 10cm.<\/p>\n","protected":false},"excerpt":{"rendered":"<p>The coasters with funny sayings are made of 3mm plywood and oiled with natural oil wax. You can choose the color from the  [&#8230;]<\/p>\n","protected":false},"featured_media":8205,"template":"","meta":{"inline_featured_image":false},"product_brand":[],"product_cat":[362,373],"product_tag":[],"class_list":{"0":"post-8659","1":"product","2":"type-product","3":"status-publish","4":"has-post-thumbnail","6":"product_cat-christmas","7":"product_cat-coasters","9":"first","10":"instock","11":"taxable","12":"shipping-taxable","13":"purchasable","14":"product-type-variable"},"yoast_head":"<!-- This site is optimized with the Yoast SEO plugin v27.3 - https:\/\/yoast.com\/product\/yoast-seo-wordpress\/ -->\n<title>The coasters with funny sayings, 4pcs - Pinecco<\/title>\n<meta name=\"description\" content=\"The coasters with funny sayings are made of 3mm plywood and oiled with natural oil wax. Color options.\" \/>\n<meta name=\"robots\" content=\"index, follow, max-snippet:-1, max-image-preview:large, max-video-preview:-1\" \/>\n<link rel=\"canonical\" href=\"https:\/\/pinecco.com\/en\/product\/sonumitega-tassialused-4tk\/\" \/>\n<meta property=\"og:locale\" content=\"en_US\" \/>\n<meta property=\"og:type\" content=\"article\" \/>\n<meta property=\"og:title\" content=\"The coasters with funny sayings, 4pcs - Pinecco\" \/>\n<meta property=\"og:description\" content=\"The coasters with funny sayings are made of 3mm plywood and oiled with natural oil wax. Color options.\" \/>\n<meta property=\"og:url\" content=\"https:\/\/pinecco.com\/en\/product\/sonumitega-tassialused-4tk\/\" \/>\n<meta property=\"og:site_name\" content=\"Pinecco\" \/>\n<meta property=\"article:publisher\" content=\"https:\/\/www.facebook.com\/pineccodesign\/\" \/>\n<meta property=\"article:modified_time\" content=\"2022-09-06T18:49:29+00:00\" \/>\n<meta property=\"og:image\" content=\"https:\/\/pinecco.com\/wp-content\/uploads\/2021\/09\/Tassialused-sonumiga3.jpg\" \/>\n\t<meta property=\"og:image:width\" content=\"700\" \/>\n\t<meta property=\"og:image:height\" content=\"700\" \/>\n\t<meta property=\"og:image:type\" content=\"image\/jpeg\" \/>\n<meta name=\"twitter:card\" content=\"summary_large_image\" \/>\n<meta name=\"twitter:label1\" content=\"Est. reading time\" \/>\n\t<meta name=\"twitter:data1\" content=\"1 minute\" \/>\n<script type=\"application\/ld+json\" class=\"yoast-schema-graph\">{\"@context\":\"https:\\\/\\\/schema.org\",\"@graph\":[{\"@type\":\"WebPage\",\"@id\":\"https:\\\/\\\/pinecco.com\\\/en\\\/product\\\/sonumitega-tassialused-4tk\\\/\",\"url\":\"https:\\\/\\\/pinecco.com\\\/en\\\/product\\\/sonumitega-tassialused-4tk\\\/\",\"name\":\"The coasters with funny sayings, 4pcs - Pinecco\",\"isPartOf\":{\"@id\":\"https:\\\/\\\/pinecco.com\\\/#website\"},\"primaryImageOfPage\":{\"@id\":\"https:\\\/\\\/pinecco.com\\\/en\\\/product\\\/sonumitega-tassialused-4tk\\\/#primaryimage\"},\"image\":{\"@id\":\"https:\\\/\\\/pinecco.com\\\/en\\\/product\\\/sonumitega-tassialused-4tk\\\/#primaryimage\"},\"thumbnailUrl\":\"https:\\\/\\\/pinecco.com\\\/wp-content\\\/uploads\\\/2021\\\/09\\\/Tassialused-sonumiga3.jpg\",\"datePublished\":\"2022-01-13T16:21:16+00:00\",\"dateModified\":\"2022-09-06T18:49:29+00:00\",\"description\":\"The coasters with funny sayings are made of 3mm plywood and oiled with natural oil wax. Color options.\",\"breadcrumb\":{\"@id\":\"https:\\\/\\\/pinecco.com\\\/en\\\/product\\\/sonumitega-tassialused-4tk\\\/#breadcrumb\"},\"inLanguage\":\"en-US\",\"potentialAction\":[{\"@type\":\"ReadAction\",\"target\":[\"https:\\\/\\\/pinecco.com\\\/en\\\/product\\\/sonumitega-tassialused-4tk\\\/\"]}]},{\"@type\":\"ImageObject\",\"inLanguage\":\"en-US\",\"@id\":\"https:\\\/\\\/pinecco.com\\\/en\\\/product\\\/sonumitega-tassialused-4tk\\\/#primaryimage\",\"url\":\"https:\\\/\\\/pinecco.com\\\/wp-content\\\/uploads\\\/2021\\\/09\\\/Tassialused-sonumiga3.jpg\",\"contentUrl\":\"https:\\\/\\\/pinecco.com\\\/wp-content\\\/uploads\\\/2021\\\/09\\\/Tassialused-sonumiga3.jpg\",\"width\":700,\"height\":700,\"caption\":\"Tassialused s\u00f5numiga\"},{\"@type\":\"BreadcrumbList\",\"@id\":\"https:\\\/\\\/pinecco.com\\\/en\\\/product\\\/sonumitega-tassialused-4tk\\\/#breadcrumb\",\"itemListElement\":[{\"@type\":\"ListItem\",\"position\":1,\"name\":\"Home\",\"item\":\"https:\\\/\\\/pinecco.com\\\/\"},{\"@type\":\"ListItem\",\"position\":2,\"name\":\"Pood\",\"item\":\"https:\\\/\\\/pinecco.com\\\/pood\\\/\"},{\"@type\":\"ListItem\",\"position\":3,\"name\":\"The coasters with funny sayings, 4pcs\"}]},{\"@type\":\"WebSite\",\"@id\":\"https:\\\/\\\/pinecco.com\\\/#website\",\"url\":\"https:\\\/\\\/pinecco.com\\\/\",\"name\":\"Pinecco\",\"description\":\"Pinecco e-pood\",\"publisher\":{\"@id\":\"https:\\\/\\\/pinecco.com\\\/#organization\"},\"potentialAction\":[{\"@type\":\"SearchAction\",\"target\":{\"@type\":\"EntryPoint\",\"urlTemplate\":\"https:\\\/\\\/pinecco.com\\\/?s={search_term_string}\"},\"query-input\":{\"@type\":\"PropertyValueSpecification\",\"valueRequired\":true,\"valueName\":\"search_term_string\"}}],\"inLanguage\":\"en-US\"},{\"@type\":\"Organization\",\"@id\":\"https:\\\/\\\/pinecco.com\\\/#organization\",\"name\":\"Pinecco O\u00dc\",\"url\":\"https:\\\/\\\/pinecco.com\\\/\",\"logo\":{\"@type\":\"ImageObject\",\"inLanguage\":\"en-US\",\"@id\":\"https:\\\/\\\/pinecco.com\\\/#\\\/schema\\\/logo\\\/image\\\/\",\"url\":\"https:\\\/\\\/pinecco.com\\\/wp-content\\\/uploads\\\/2020\\\/08\\\/Untitled-7.png\",\"contentUrl\":\"https:\\\/\\\/pinecco.com\\\/wp-content\\\/uploads\\\/2020\\\/08\\\/Untitled-7.png\",\"width\":500,\"height\":220,\"caption\":\"Pinecco O\u00dc\"},\"image\":{\"@id\":\"https:\\\/\\\/pinecco.com\\\/#\\\/schema\\\/logo\\\/image\\\/\"},\"sameAs\":[\"https:\\\/\\\/www.facebook.com\\\/pineccodesign\\\/\",\"https:\\\/\\\/www.instagram.com\\\/pineccodesign\\\/\"]}]}<\/script>\n<!-- \/ Yoast SEO plugin. -->","yoast_head_json":{"title":"The coasters with funny sayings, 4pcs - Pinecco","description":"The coasters with funny sayings are made of 3mm plywood and oiled with natural oil wax. Color options.","robots":{"index":"index","follow":"follow","max-snippet":"max-snippet:-1","max-image-preview":"max-image-preview:large","max-video-preview":"max-video-preview:-1"},"canonical":"https:\/\/pinecco.com\/en\/product\/sonumitega-tassialused-4tk\/","og_locale":"en_US","og_type":"article","og_title":"The coasters with funny sayings, 4pcs - Pinecco","og_description":"The coasters with funny sayings are made of 3mm plywood and oiled with natural oil wax. Color options.","og_url":"https:\/\/pinecco.com\/en\/product\/sonumitega-tassialused-4tk\/","og_site_name":"Pinecco","article_publisher":"https:\/\/www.facebook.com\/pineccodesign\/","article_modified_time":"2022-09-06T18:49:29+00:00","og_image":[{"width":700,"height":700,"url":"https:\/\/pinecco.com\/wp-content\/uploads\/2021\/09\/Tassialused-sonumiga3.jpg","type":"image\/jpeg"}],"twitter_card":"summary_large_image","twitter_misc":{"Est. reading time":"1 minute"},"schema":{"@context":"https:\/\/schema.org","@graph":[{"@type":"WebPage","@id":"https:\/\/pinecco.com\/en\/product\/sonumitega-tassialused-4tk\/","url":"https:\/\/pinecco.com\/en\/product\/sonumitega-tassialused-4tk\/","name":"The coasters with funny sayings, 4pcs - Pinecco","isPartOf":{"@id":"https:\/\/pinecco.com\/#website"},"primaryImageOfPage":{"@id":"https:\/\/pinecco.com\/en\/product\/sonumitega-tassialused-4tk\/#primaryimage"},"image":{"@id":"https:\/\/pinecco.com\/en\/product\/sonumitega-tassialused-4tk\/#primaryimage"},"thumbnailUrl":"https:\/\/pinecco.com\/wp-content\/uploads\/2021\/09\/Tassialused-sonumiga3.jpg","datePublished":"2022-01-13T16:21:16+00:00","dateModified":"2022-09-06T18:49:29+00:00","description":"The coasters with funny sayings are made of 3mm plywood and oiled with natural oil wax. Color options.","breadcrumb":{"@id":"https:\/\/pinecco.com\/en\/product\/sonumitega-tassialused-4tk\/#breadcrumb"},"inLanguage":"en-US","potentialAction":[{"@type":"ReadAction","target":["https:\/\/pinecco.com\/en\/product\/sonumitega-tassialused-4tk\/"]}]},{"@type":"ImageObject","inLanguage":"en-US","@id":"https:\/\/pinecco.com\/en\/product\/sonumitega-tassialused-4tk\/#primaryimage","url":"https:\/\/pinecco.com\/wp-content\/uploads\/2021\/09\/Tassialused-sonumiga3.jpg","contentUrl":"https:\/\/pinecco.com\/wp-content\/uploads\/2021\/09\/Tassialused-sonumiga3.jpg","width":700,"height":700,"caption":"Tassialused s\u00f5numiga"},{"@type":"BreadcrumbList","@id":"https:\/\/pinecco.com\/en\/product\/sonumitega-tassialused-4tk\/#breadcrumb","itemListElement":[{"@type":"ListItem","position":1,"name":"Home","item":"https:\/\/pinecco.com\/"},{"@type":"ListItem","position":2,"name":"Pood","item":"https:\/\/pinecco.com\/pood\/"},{"@type":"ListItem","position":3,"name":"The coasters with funny sayings, 4pcs"}]},{"@type":"WebSite","@id":"https:\/\/pinecco.com\/#website","url":"https:\/\/pinecco.com\/","name":"Pinecco","description":"Pinecco e-pood","publisher":{"@id":"https:\/\/pinecco.com\/#organization"},"potentialAction":[{"@type":"SearchAction","target":{"@type":"EntryPoint","urlTemplate":"https:\/\/pinecco.com\/?s={search_term_string}"},"query-input":{"@type":"PropertyValueSpecification","valueRequired":true,"valueName":"search_term_string"}}],"inLanguage":"en-US"},{"@type":"Organization","@id":"https:\/\/pinecco.com\/#organization","name":"Pinecco O\u00dc","url":"https:\/\/pinecco.com\/","logo":{"@type":"ImageObject","inLanguage":"en-US","@id":"https:\/\/pinecco.com\/#\/schema\/logo\/image\/","url":"https:\/\/pinecco.com\/wp-content\/uploads\/2020\/08\/Untitled-7.png","contentUrl":"https:\/\/pinecco.com\/wp-content\/uploads\/2020\/08\/Untitled-7.png","width":500,"height":220,"caption":"Pinecco O\u00dc"},"image":{"@id":"https:\/\/pinecco.com\/#\/schema\/logo\/image\/"},"sameAs":["https:\/\/www.facebook.com\/pineccodesign\/","https:\/\/www.instagram.com\/pineccodesign\/"]}]}},"_links":{"self":[{"href":"https:\/\/pinecco.com\/en\/wp-json\/wp\/v2\/product\/8659","targetHints":{"allow":["GET"]}}],"collection":[{"href":"https:\/\/pinecco.com\/en\/wp-json\/wp\/v2\/product"}],"about":[{"href":"https:\/\/pinecco.com\/en\/wp-json\/wp\/v2\/types\/product"}],"wp:featuredmedia":[{"embeddable":true,"href":"https:\/\/pinecco.com\/en\/wp-json\/wp\/v2\/media\/8205"}],"wp:attachment":[{"href":"https:\/\/pinecco.com\/en\/wp-json\/wp\/v2\/media?parent=8659"}],"wp:term":[{"taxonomy":"product_brand","embeddable":true,"href":"https:\/\/pinecco.com\/en\/wp-json\/wp\/v2\/product_brand?post=8659"},{"taxonomy":"product_cat","embeddable":true,"href":"https:\/\/pinecco.com\/en\/wp-json\/wp\/v2\/product_cat?post=8659"},{"taxonomy":"product_tag","embeddable":true,"href":"https:\/\/pinecco.com\/en\/wp-json\/wp\/v2\/product_tag?post=8659"}],"curies":[{"name":"wp","href":"https:\/\/api.w.org\/{rel}","templated":true}]}}