{"id":8305,"date":"2021-10-17T20:23:29","date_gmt":"2021-10-17T17:23:29","guid":{"rendered":"https:\/\/pinecco.com\/?post_type=product&#038;p=8305"},"modified":"2023-08-22T17:17:39","modified_gmt":"2023-08-22T14:17:39","slug":"teesober-teesoel-hoidjaga","status":"publish","type":"product","link":"https:\/\/pinecco.com\/en\/toode\/teesober-teesoel-hoidjaga\/","title":{"rendered":"Tees\u00f5ber &#8211; tees\u00f5el hoidjaga"},"content":{"rendered":"<p>Tee joomine on alati m\u00f5nusam koos toreda kaaslasega. Kui s\u00f5pradel on parasjagu kiire ning pole aega tulla sinuga teed nautima, siis saad teed juua koos tassiserval istuva tees\u00f5braga.<br \/>\nMeie valikus on tees\u00f5brad: Lumememm, P\u00e4kapikk, Piparkoogimehike. Olemas ka Mesilane v\u00f5i siis s\u00f5numiga t\u00e4heke. Kirjuta meile millist kuju soovid. V\u00f5i tellite hoopis oma kujundusega tees\u00f5bra.<\/p>\n<p>Valmistatud 4mm vineerist, t\u00f6\u00f6deldud loodusliku puidu\u00f5liga.<\/p>\n","protected":false},"excerpt":{"rendered":"<p>Tee joomine on alati m\u00f5nusam koos toreda kaaslasega. Kui s\u00f5pradel on parasjagu kiire ning pole aega tulla sinuga teed nautima, siis saad teed  [&#8230;]<\/p>\n","protected":false},"featured_media":8308,"template":"","meta":{"inline_featured_image":false},"product_brand":[],"product_cat":[361],"product_tag":[],"class_list":{"0":"post-8305","1":"product","2":"type-product","3":"status-publish","4":"has-post-thumbnail","6":"product_cat-joulud","8":"first","9":"instock","10":"taxable","11":"shipping-taxable","12":"purchasable","13":"product-type-simple"},"yoast_head":"<!-- This site is optimized with the Yoast SEO plugin v27.3 - https:\/\/yoast.com\/product\/yoast-seo-wordpress\/ -->\n<title>Tees\u00f5ber - tees\u00f5el hoidjaga - Pinecco<\/title>\n<meta name=\"description\" content=\"Kui s\u00f5pradel on parasjagu kiire ning pole aega tulla sinuga teed nautima, siis saad teed juua koos tassiserval istuva tees\u00f5braga.\" \/>\n<meta name=\"robots\" content=\"index, follow, max-snippet:-1, max-image-preview:large, max-video-preview:-1\" \/>\n<link rel=\"canonical\" href=\"https:\/\/pinecco.com\/toode\/teesober-teesoel-hoidjaga\/\" \/>\n<meta property=\"og:locale\" content=\"en_US\" \/>\n<meta property=\"og:type\" content=\"article\" \/>\n<meta property=\"og:title\" content=\"Tees\u00f5ber - tees\u00f5el hoidjaga - Pinecco\" \/>\n<meta property=\"og:description\" content=\"Kui s\u00f5pradel on parasjagu kiire ning pole aega tulla sinuga teed nautima, siis saad teed juua koos tassiserval istuva tees\u00f5braga.\" \/>\n<meta property=\"og:url\" content=\"https:\/\/pinecco.com\/toode\/teesober-teesoel-hoidjaga\/\" \/>\n<meta property=\"og:site_name\" content=\"Pinecco\" \/>\n<meta property=\"article:publisher\" content=\"https:\/\/www.facebook.com\/pineccodesign\/\" \/>\n<meta property=\"article:modified_time\" content=\"2023-08-22T14:17:39+00:00\" \/>\n<meta property=\"og:image\" content=\"https:\/\/pinecco.com\/wp-content\/uploads\/2021\/10\/Teesoelad3.jpg\" \/>\n\t<meta property=\"og:image:width\" content=\"700\" \/>\n\t<meta property=\"og:image:height\" content=\"700\" \/>\n\t<meta property=\"og:image:type\" content=\"image\/jpeg\" \/>\n<meta name=\"twitter:card\" content=\"summary_large_image\" \/>\n<meta name=\"twitter:label1\" content=\"Est. reading time\" \/>\n\t<meta name=\"twitter:data1\" content=\"1 minute\" \/>\n<script type=\"application\/ld+json\" class=\"yoast-schema-graph\">{\"@context\":\"https:\\\/\\\/schema.org\",\"@graph\":[{\"@type\":\"WebPage\",\"@id\":\"https:\\\/\\\/pinecco.com\\\/toode\\\/teesober-teesoel-hoidjaga\\\/\",\"url\":\"https:\\\/\\\/pinecco.com\\\/toode\\\/teesober-teesoel-hoidjaga\\\/\",\"name\":\"Tees\u00f5ber - tees\u00f5el hoidjaga - Pinecco\",\"isPartOf\":{\"@id\":\"https:\\\/\\\/pinecco.com\\\/#website\"},\"primaryImageOfPage\":{\"@id\":\"https:\\\/\\\/pinecco.com\\\/toode\\\/teesober-teesoel-hoidjaga\\\/#primaryimage\"},\"image\":{\"@id\":\"https:\\\/\\\/pinecco.com\\\/toode\\\/teesober-teesoel-hoidjaga\\\/#primaryimage\"},\"thumbnailUrl\":\"https:\\\/\\\/pinecco.com\\\/wp-content\\\/uploads\\\/2021\\\/10\\\/Teesoelad3.jpg\",\"datePublished\":\"2021-10-17T17:23:29+00:00\",\"dateModified\":\"2023-08-22T14:17:39+00:00\",\"description\":\"Kui s\u00f5pradel on parasjagu kiire ning pole aega tulla sinuga teed nautima, siis saad teed juua koos tassiserval istuva tees\u00f5braga.\",\"breadcrumb\":{\"@id\":\"https:\\\/\\\/pinecco.com\\\/toode\\\/teesober-teesoel-hoidjaga\\\/#breadcrumb\"},\"inLanguage\":\"en-US\",\"potentialAction\":[{\"@type\":\"ReadAction\",\"target\":[\"https:\\\/\\\/pinecco.com\\\/toode\\\/teesober-teesoel-hoidjaga\\\/\"]}]},{\"@type\":\"ImageObject\",\"inLanguage\":\"en-US\",\"@id\":\"https:\\\/\\\/pinecco.com\\\/toode\\\/teesober-teesoel-hoidjaga\\\/#primaryimage\",\"url\":\"https:\\\/\\\/pinecco.com\\\/wp-content\\\/uploads\\\/2021\\\/10\\\/Teesoelad3.jpg\",\"contentUrl\":\"https:\\\/\\\/pinecco.com\\\/wp-content\\\/uploads\\\/2021\\\/10\\\/Teesoelad3.jpg\",\"width\":700,\"height\":700,\"caption\":\"Tees\u00f5el kujukesega\"},{\"@type\":\"BreadcrumbList\",\"@id\":\"https:\\\/\\\/pinecco.com\\\/toode\\\/teesober-teesoel-hoidjaga\\\/#breadcrumb\",\"itemListElement\":[{\"@type\":\"ListItem\",\"position\":1,\"name\":\"Home\",\"item\":\"https:\\\/\\\/pinecco.com\\\/\"},{\"@type\":\"ListItem\",\"position\":2,\"name\":\"Pood\",\"item\":\"https:\\\/\\\/pinecco.com\\\/pood\\\/\"},{\"@type\":\"ListItem\",\"position\":3,\"name\":\"Tees\u00f5ber &#8211; tees\u00f5el hoidjaga\"}]},{\"@type\":\"WebSite\",\"@id\":\"https:\\\/\\\/pinecco.com\\\/#website\",\"url\":\"https:\\\/\\\/pinecco.com\\\/\",\"name\":\"Pinecco\",\"description\":\"Pinecco e-pood\",\"publisher\":{\"@id\":\"https:\\\/\\\/pinecco.com\\\/#organization\"},\"potentialAction\":[{\"@type\":\"SearchAction\",\"target\":{\"@type\":\"EntryPoint\",\"urlTemplate\":\"https:\\\/\\\/pinecco.com\\\/?s={search_term_string}\"},\"query-input\":{\"@type\":\"PropertyValueSpecification\",\"valueRequired\":true,\"valueName\":\"search_term_string\"}}],\"inLanguage\":\"en-US\"},{\"@type\":\"Organization\",\"@id\":\"https:\\\/\\\/pinecco.com\\\/#organization\",\"name\":\"Pinecco O\u00dc\",\"url\":\"https:\\\/\\\/pinecco.com\\\/\",\"logo\":{\"@type\":\"ImageObject\",\"inLanguage\":\"en-US\",\"@id\":\"https:\\\/\\\/pinecco.com\\\/#\\\/schema\\\/logo\\\/image\\\/\",\"url\":\"https:\\\/\\\/pinecco.com\\\/wp-content\\\/uploads\\\/2020\\\/08\\\/Untitled-7.png\",\"contentUrl\":\"https:\\\/\\\/pinecco.com\\\/wp-content\\\/uploads\\\/2020\\\/08\\\/Untitled-7.png\",\"width\":500,\"height\":220,\"caption\":\"Pinecco O\u00dc\"},\"image\":{\"@id\":\"https:\\\/\\\/pinecco.com\\\/#\\\/schema\\\/logo\\\/image\\\/\"},\"sameAs\":[\"https:\\\/\\\/www.facebook.com\\\/pineccodesign\\\/\",\"https:\\\/\\\/www.instagram.com\\\/pineccodesign\\\/\"]}]}<\/script>\n<!-- \/ Yoast SEO plugin. -->","yoast_head_json":{"title":"Tees\u00f5ber - tees\u00f5el hoidjaga - Pinecco","description":"Kui s\u00f5pradel on parasjagu kiire ning pole aega tulla sinuga teed nautima, siis saad teed juua koos tassiserval istuva tees\u00f5braga.","robots":{"index":"index","follow":"follow","max-snippet":"max-snippet:-1","max-image-preview":"max-image-preview:large","max-video-preview":"max-video-preview:-1"},"canonical":"https:\/\/pinecco.com\/toode\/teesober-teesoel-hoidjaga\/","og_locale":"en_US","og_type":"article","og_title":"Tees\u00f5ber - tees\u00f5el hoidjaga - Pinecco","og_description":"Kui s\u00f5pradel on parasjagu kiire ning pole aega tulla sinuga teed nautima, siis saad teed juua koos tassiserval istuva tees\u00f5braga.","og_url":"https:\/\/pinecco.com\/toode\/teesober-teesoel-hoidjaga\/","og_site_name":"Pinecco","article_publisher":"https:\/\/www.facebook.com\/pineccodesign\/","article_modified_time":"2023-08-22T14:17:39+00:00","og_image":[{"width":700,"height":700,"url":"https:\/\/pinecco.com\/wp-content\/uploads\/2021\/10\/Teesoelad3.jpg","type":"image\/jpeg"}],"twitter_card":"summary_large_image","twitter_misc":{"Est. reading time":"1 minute"},"schema":{"@context":"https:\/\/schema.org","@graph":[{"@type":"WebPage","@id":"https:\/\/pinecco.com\/toode\/teesober-teesoel-hoidjaga\/","url":"https:\/\/pinecco.com\/toode\/teesober-teesoel-hoidjaga\/","name":"Tees\u00f5ber - tees\u00f5el hoidjaga - Pinecco","isPartOf":{"@id":"https:\/\/pinecco.com\/#website"},"primaryImageOfPage":{"@id":"https:\/\/pinecco.com\/toode\/teesober-teesoel-hoidjaga\/#primaryimage"},"image":{"@id":"https:\/\/pinecco.com\/toode\/teesober-teesoel-hoidjaga\/#primaryimage"},"thumbnailUrl":"https:\/\/pinecco.com\/wp-content\/uploads\/2021\/10\/Teesoelad3.jpg","datePublished":"2021-10-17T17:23:29+00:00","dateModified":"2023-08-22T14:17:39+00:00","description":"Kui s\u00f5pradel on parasjagu kiire ning pole aega tulla sinuga teed nautima, siis saad teed juua koos tassiserval istuva tees\u00f5braga.","breadcrumb":{"@id":"https:\/\/pinecco.com\/toode\/teesober-teesoel-hoidjaga\/#breadcrumb"},"inLanguage":"en-US","potentialAction":[{"@type":"ReadAction","target":["https:\/\/pinecco.com\/toode\/teesober-teesoel-hoidjaga\/"]}]},{"@type":"ImageObject","inLanguage":"en-US","@id":"https:\/\/pinecco.com\/toode\/teesober-teesoel-hoidjaga\/#primaryimage","url":"https:\/\/pinecco.com\/wp-content\/uploads\/2021\/10\/Teesoelad3.jpg","contentUrl":"https:\/\/pinecco.com\/wp-content\/uploads\/2021\/10\/Teesoelad3.jpg","width":700,"height":700,"caption":"Tees\u00f5el kujukesega"},{"@type":"BreadcrumbList","@id":"https:\/\/pinecco.com\/toode\/teesober-teesoel-hoidjaga\/#breadcrumb","itemListElement":[{"@type":"ListItem","position":1,"name":"Home","item":"https:\/\/pinecco.com\/"},{"@type":"ListItem","position":2,"name":"Pood","item":"https:\/\/pinecco.com\/pood\/"},{"@type":"ListItem","position":3,"name":"Tees\u00f5ber &#8211; tees\u00f5el hoidjaga"}]},{"@type":"WebSite","@id":"https:\/\/pinecco.com\/#website","url":"https:\/\/pinecco.com\/","name":"Pinecco","description":"Pinecco e-pood","publisher":{"@id":"https:\/\/pinecco.com\/#organization"},"potentialAction":[{"@type":"SearchAction","target":{"@type":"EntryPoint","urlTemplate":"https:\/\/pinecco.com\/?s={search_term_string}"},"query-input":{"@type":"PropertyValueSpecification","valueRequired":true,"valueName":"search_term_string"}}],"inLanguage":"en-US"},{"@type":"Organization","@id":"https:\/\/pinecco.com\/#organization","name":"Pinecco O\u00dc","url":"https:\/\/pinecco.com\/","logo":{"@type":"ImageObject","inLanguage":"en-US","@id":"https:\/\/pinecco.com\/#\/schema\/logo\/image\/","url":"https:\/\/pinecco.com\/wp-content\/uploads\/2020\/08\/Untitled-7.png","contentUrl":"https:\/\/pinecco.com\/wp-content\/uploads\/2020\/08\/Untitled-7.png","width":500,"height":220,"caption":"Pinecco O\u00dc"},"image":{"@id":"https:\/\/pinecco.com\/#\/schema\/logo\/image\/"},"sameAs":["https:\/\/www.facebook.com\/pineccodesign\/","https:\/\/www.instagram.com\/pineccodesign\/"]}]}},"_links":{"self":[{"href":"https:\/\/pinecco.com\/en\/wp-json\/wp\/v2\/product\/8305","targetHints":{"allow":["GET"]}}],"collection":[{"href":"https:\/\/pinecco.com\/en\/wp-json\/wp\/v2\/product"}],"about":[{"href":"https:\/\/pinecco.com\/en\/wp-json\/wp\/v2\/types\/product"}],"wp:featuredmedia":[{"embeddable":true,"href":"https:\/\/pinecco.com\/en\/wp-json\/wp\/v2\/media\/8308"}],"wp:attachment":[{"href":"https:\/\/pinecco.com\/en\/wp-json\/wp\/v2\/media?parent=8305"}],"wp:term":[{"taxonomy":"product_brand","embeddable":true,"href":"https:\/\/pinecco.com\/en\/wp-json\/wp\/v2\/product_brand?post=8305"},{"taxonomy":"product_cat","embeddable":true,"href":"https:\/\/pinecco.com\/en\/wp-json\/wp\/v2\/product_cat?post=8305"},{"taxonomy":"product_tag","embeddable":true,"href":"https:\/\/pinecco.com\/en\/wp-json\/wp\/v2\/product_tag?post=8305"}],"curies":[{"name":"wp","href":"https:\/\/api.w.org\/{rel}","templated":true}]}}