{"id":8102,"date":"2021-09-22T16:07:50","date_gmt":"2021-09-22T13:07:50","guid":{"rendered":"https:\/\/pinecco.com\/?post_type=product&#038;p=8102"},"modified":"2025-09-03T11:59:03","modified_gmt":"2025-09-03T08:59:03","slug":"varviliste-numbrite-nimega","status":"publish","type":"product","link":"https:\/\/pinecco.com\/en\/toode\/varviliste-numbrite-nimega\/","title":{"rendered":"Seinakell- V\u00e4rviliste numbrite, nimega"},"content":{"rendered":"<p>Loodus inspireerib! Nagu looduses on iga puu erinev nii on ka iga meie valmistatud kellad ainulaadsed. Meie kellad on t\u00e4iuslik ja ajatu sisekujunduselement nii koju kui kontorisse ning sobivad imeliselt ka kingituseks.<\/p>\n<p>Kellale saad valida sobivad erinevad toonid nii numbritele kui p\u00f5hjale. V\u00e4rvikaardi leiad tootefotode hulgast v\u00f5i vajuta <a href=\"https:\/\/pinecco.com\/wp-content\/uploads\/2021\/01\/Koik-varvused-koos_kodulehele.jpg\">siia<\/a>.<\/p>\n<p>Kellal on kvaliteetne, vaikne mehhanism (ei tiksu).<\/p>\n<p>OLE ISE DISAINER \u2013 Pakume eritellimusel graveeringut\/kujundust neile, kes soovivad midagi veelgi isikup\u00e4rasemat. Lisateabe saamiseks kirjutage palun\u00a0<a href=\"https:\/\/pinecco.com\/kontakt\/\">meile<\/a>.<\/p>\n<p>Et kingitus oleks veelgi meeldej\u00e4\u00e4vam, siis 30 cm diameetriga kelladele oleme disaininud kinkekarbid, mida saab eraldi tellida, vt <a href=\"https:\/\/pinecco.com\/toode\/vineerist-karp-kaanega\/\">siit<\/a>.<\/p>\n<p>Materjal: kasevineer \/ naturaalne puidu\u00f5li<\/p>\n<p>Kella mehhanism: vaikne, valmistatud Saksamaal, \u00fcks AA patarei (ei kuulu komplekti)<\/p>\n<p>M\u00f5\u00f5dud: 30cm x 30cm x ca 6cm<\/p>\n<p>Kaal: 0,5 kg<\/p>\n<p>&nbsp;<\/p>\n","protected":false},"excerpt":{"rendered":"[fusion_checklist icon=\"fa-check\" iconcolor=\"\" circle=\"no\" circlecolor=\"\" size=\"15px\" class=\"\" id=\"\"]<br \/>\n[fusion_li_item icon=\"\"]Vali kella diameeter ja soovitud <a href=\"https:\/\/pinecco.com\/wp-content\/uploads\/2021\/01\/Koik-varvused-koos_kodulehele.jpg\">v\u00e4rvitoonid<\/a>[\/fusion_li_item][fusion_li_item icon=\"\"]Kirjuta kellale minev nimi[\/fusion_li_item]<br \/>\n[\/fusion_checklist]\n","protected":false},"featured_media":8113,"template":"","meta":{"inline_featured_image":false},"product_brand":[],"product_cat":[183,242,31,48,423],"product_tag":[],"class_list":{"0":"post-8102","1":"product","2":"type-product","3":"status-publish","4":"has-post-thumbnail","6":"product_cat-puidust-seinakellad","7":"product_cat-kellad","8":"product_cat-lastele","9":"product_cat-nimelised-meened","10":"product_cat-puidust-tooted","12":"first","13":"instock","14":"taxable","15":"shipping-taxable","16":"purchasable","17":"product-type-variable"},"yoast_head":"<!-- This site is optimized with the Yoast SEO plugin v27.4 - https:\/\/yoast.com\/product\/yoast-seo-wordpress\/ -->\n<title>Seinakell- V\u00e4rviliste numbrite, nimega - Pinecco<\/title>\n<meta name=\"description\" content=\"Iga meie valmistatud kell on ainulaadne ja ajatu sisekujunduselement nii koju kui kontorisse ning sobivad imeliselt ka kingituseks.\" \/>\n<meta name=\"robots\" content=\"index, follow, max-snippet:-1, max-image-preview:large, max-video-preview:-1\" \/>\n<link rel=\"canonical\" href=\"https:\/\/pinecco.com\/toode\/varviliste-numbrite-nimega\/\" \/>\n<meta property=\"og:locale\" content=\"en_US\" \/>\n<meta property=\"og:type\" content=\"article\" \/>\n<meta property=\"og:title\" content=\"Seinakell- V\u00e4rviliste numbrite, nimega - Pinecco\" \/>\n<meta property=\"og:description\" content=\"Iga meie valmistatud kell on ainulaadne ja ajatu sisekujunduselement nii koju kui kontorisse ning sobivad imeliselt ka kingituseks.\" \/>\n<meta property=\"og:url\" content=\"https:\/\/pinecco.com\/toode\/varviliste-numbrite-nimega\/\" \/>\n<meta property=\"og:site_name\" content=\"Pinecco\" \/>\n<meta property=\"article:publisher\" content=\"https:\/\/www.facebook.com\/pineccodesign\/\" \/>\n<meta property=\"article:modified_time\" content=\"2025-09-03T08:59:03+00:00\" \/>\n<meta property=\"og:image\" content=\"https:\/\/pinecco.com\/wp-content\/uploads\/2021\/09\/IMG_6746.jpg\" \/>\n\t<meta property=\"og:image:width\" content=\"700\" \/>\n\t<meta property=\"og:image:height\" content=\"700\" \/>\n\t<meta property=\"og:image:type\" content=\"image\/jpeg\" \/>\n<meta name=\"twitter:card\" content=\"summary_large_image\" \/>\n<meta name=\"twitter:label1\" content=\"Est. reading time\" \/>\n\t<meta name=\"twitter:data1\" content=\"1 minute\" \/>\n<script type=\"application\/ld+json\" class=\"yoast-schema-graph\">{\"@context\":\"https:\\\/\\\/schema.org\",\"@graph\":[{\"@type\":\"WebPage\",\"@id\":\"https:\\\/\\\/pinecco.com\\\/toode\\\/varviliste-numbrite-nimega\\\/\",\"url\":\"https:\\\/\\\/pinecco.com\\\/toode\\\/varviliste-numbrite-nimega\\\/\",\"name\":\"Seinakell- V\u00e4rviliste numbrite, nimega - Pinecco\",\"isPartOf\":{\"@id\":\"https:\\\/\\\/pinecco.com\\\/#website\"},\"primaryImageOfPage\":{\"@id\":\"https:\\\/\\\/pinecco.com\\\/toode\\\/varviliste-numbrite-nimega\\\/#primaryimage\"},\"image\":{\"@id\":\"https:\\\/\\\/pinecco.com\\\/toode\\\/varviliste-numbrite-nimega\\\/#primaryimage\"},\"thumbnailUrl\":\"https:\\\/\\\/pinecco.com\\\/wp-content\\\/uploads\\\/2021\\\/09\\\/IMG_6746.jpg\",\"datePublished\":\"2021-09-22T13:07:50+00:00\",\"dateModified\":\"2025-09-03T08:59:03+00:00\",\"description\":\"Iga meie valmistatud kell on ainulaadne ja ajatu sisekujunduselement nii koju kui kontorisse ning sobivad imeliselt ka kingituseks.\",\"breadcrumb\":{\"@id\":\"https:\\\/\\\/pinecco.com\\\/toode\\\/varviliste-numbrite-nimega\\\/#breadcrumb\"},\"inLanguage\":\"en-US\",\"potentialAction\":[{\"@type\":\"ReadAction\",\"target\":[\"https:\\\/\\\/pinecco.com\\\/toode\\\/varviliste-numbrite-nimega\\\/\"]}]},{\"@type\":\"ImageObject\",\"inLanguage\":\"en-US\",\"@id\":\"https:\\\/\\\/pinecco.com\\\/toode\\\/varviliste-numbrite-nimega\\\/#primaryimage\",\"url\":\"https:\\\/\\\/pinecco.com\\\/wp-content\\\/uploads\\\/2021\\\/09\\\/IMG_6746.jpg\",\"contentUrl\":\"https:\\\/\\\/pinecco.com\\\/wp-content\\\/uploads\\\/2021\\\/09\\\/IMG_6746.jpg\",\"width\":700,\"height\":700,\"caption\":\"puidust seinakell nimega\"},{\"@type\":\"BreadcrumbList\",\"@id\":\"https:\\\/\\\/pinecco.com\\\/toode\\\/varviliste-numbrite-nimega\\\/#breadcrumb\",\"itemListElement\":[{\"@type\":\"ListItem\",\"position\":1,\"name\":\"Home\",\"item\":\"https:\\\/\\\/pinecco.com\\\/\"},{\"@type\":\"ListItem\",\"position\":2,\"name\":\"Pood\",\"item\":\"https:\\\/\\\/pinecco.com\\\/pood\\\/\"},{\"@type\":\"ListItem\",\"position\":3,\"name\":\"Seinakell- V\u00e4rviliste numbrite, nimega\"}]},{\"@type\":\"WebSite\",\"@id\":\"https:\\\/\\\/pinecco.com\\\/#website\",\"url\":\"https:\\\/\\\/pinecco.com\\\/\",\"name\":\"Pinecco\",\"description\":\"Pinecco e-pood\",\"publisher\":{\"@id\":\"https:\\\/\\\/pinecco.com\\\/#organization\"},\"potentialAction\":[{\"@type\":\"SearchAction\",\"target\":{\"@type\":\"EntryPoint\",\"urlTemplate\":\"https:\\\/\\\/pinecco.com\\\/?s={search_term_string}\"},\"query-input\":{\"@type\":\"PropertyValueSpecification\",\"valueRequired\":true,\"valueName\":\"search_term_string\"}}],\"inLanguage\":\"en-US\"},{\"@type\":\"Organization\",\"@id\":\"https:\\\/\\\/pinecco.com\\\/#organization\",\"name\":\"Pinecco O\u00dc\",\"url\":\"https:\\\/\\\/pinecco.com\\\/\",\"logo\":{\"@type\":\"ImageObject\",\"inLanguage\":\"en-US\",\"@id\":\"https:\\\/\\\/pinecco.com\\\/#\\\/schema\\\/logo\\\/image\\\/\",\"url\":\"https:\\\/\\\/pinecco.com\\\/wp-content\\\/uploads\\\/2020\\\/08\\\/Untitled-7.png\",\"contentUrl\":\"https:\\\/\\\/pinecco.com\\\/wp-content\\\/uploads\\\/2020\\\/08\\\/Untitled-7.png\",\"width\":500,\"height\":220,\"caption\":\"Pinecco O\u00dc\"},\"image\":{\"@id\":\"https:\\\/\\\/pinecco.com\\\/#\\\/schema\\\/logo\\\/image\\\/\"},\"sameAs\":[\"https:\\\/\\\/www.facebook.com\\\/pineccodesign\\\/\",\"https:\\\/\\\/www.instagram.com\\\/pineccodesign\\\/\"]}]}<\/script>\n<!-- \/ Yoast SEO plugin. -->","yoast_head_json":{"title":"Seinakell- V\u00e4rviliste numbrite, nimega - Pinecco","description":"Iga meie valmistatud kell on ainulaadne ja ajatu sisekujunduselement nii koju kui kontorisse ning sobivad imeliselt ka kingituseks.","robots":{"index":"index","follow":"follow","max-snippet":"max-snippet:-1","max-image-preview":"max-image-preview:large","max-video-preview":"max-video-preview:-1"},"canonical":"https:\/\/pinecco.com\/toode\/varviliste-numbrite-nimega\/","og_locale":"en_US","og_type":"article","og_title":"Seinakell- V\u00e4rviliste numbrite, nimega - Pinecco","og_description":"Iga meie valmistatud kell on ainulaadne ja ajatu sisekujunduselement nii koju kui kontorisse ning sobivad imeliselt ka kingituseks.","og_url":"https:\/\/pinecco.com\/toode\/varviliste-numbrite-nimega\/","og_site_name":"Pinecco","article_publisher":"https:\/\/www.facebook.com\/pineccodesign\/","article_modified_time":"2025-09-03T08:59:03+00:00","og_image":[{"width":700,"height":700,"url":"https:\/\/pinecco.com\/wp-content\/uploads\/2021\/09\/IMG_6746.jpg","type":"image\/jpeg"}],"twitter_card":"summary_large_image","twitter_misc":{"Est. reading time":"1 minute"},"schema":{"@context":"https:\/\/schema.org","@graph":[{"@type":"WebPage","@id":"https:\/\/pinecco.com\/toode\/varviliste-numbrite-nimega\/","url":"https:\/\/pinecco.com\/toode\/varviliste-numbrite-nimega\/","name":"Seinakell- V\u00e4rviliste numbrite, nimega - Pinecco","isPartOf":{"@id":"https:\/\/pinecco.com\/#website"},"primaryImageOfPage":{"@id":"https:\/\/pinecco.com\/toode\/varviliste-numbrite-nimega\/#primaryimage"},"image":{"@id":"https:\/\/pinecco.com\/toode\/varviliste-numbrite-nimega\/#primaryimage"},"thumbnailUrl":"https:\/\/pinecco.com\/wp-content\/uploads\/2021\/09\/IMG_6746.jpg","datePublished":"2021-09-22T13:07:50+00:00","dateModified":"2025-09-03T08:59:03+00:00","description":"Iga meie valmistatud kell on ainulaadne ja ajatu sisekujunduselement nii koju kui kontorisse ning sobivad imeliselt ka kingituseks.","breadcrumb":{"@id":"https:\/\/pinecco.com\/toode\/varviliste-numbrite-nimega\/#breadcrumb"},"inLanguage":"en-US","potentialAction":[{"@type":"ReadAction","target":["https:\/\/pinecco.com\/toode\/varviliste-numbrite-nimega\/"]}]},{"@type":"ImageObject","inLanguage":"en-US","@id":"https:\/\/pinecco.com\/toode\/varviliste-numbrite-nimega\/#primaryimage","url":"https:\/\/pinecco.com\/wp-content\/uploads\/2021\/09\/IMG_6746.jpg","contentUrl":"https:\/\/pinecco.com\/wp-content\/uploads\/2021\/09\/IMG_6746.jpg","width":700,"height":700,"caption":"puidust seinakell nimega"},{"@type":"BreadcrumbList","@id":"https:\/\/pinecco.com\/toode\/varviliste-numbrite-nimega\/#breadcrumb","itemListElement":[{"@type":"ListItem","position":1,"name":"Home","item":"https:\/\/pinecco.com\/"},{"@type":"ListItem","position":2,"name":"Pood","item":"https:\/\/pinecco.com\/pood\/"},{"@type":"ListItem","position":3,"name":"Seinakell- V\u00e4rviliste numbrite, nimega"}]},{"@type":"WebSite","@id":"https:\/\/pinecco.com\/#website","url":"https:\/\/pinecco.com\/","name":"Pinecco","description":"Pinecco e-pood","publisher":{"@id":"https:\/\/pinecco.com\/#organization"},"potentialAction":[{"@type":"SearchAction","target":{"@type":"EntryPoint","urlTemplate":"https:\/\/pinecco.com\/?s={search_term_string}"},"query-input":{"@type":"PropertyValueSpecification","valueRequired":true,"valueName":"search_term_string"}}],"inLanguage":"en-US"},{"@type":"Organization","@id":"https:\/\/pinecco.com\/#organization","name":"Pinecco O\u00dc","url":"https:\/\/pinecco.com\/","logo":{"@type":"ImageObject","inLanguage":"en-US","@id":"https:\/\/pinecco.com\/#\/schema\/logo\/image\/","url":"https:\/\/pinecco.com\/wp-content\/uploads\/2020\/08\/Untitled-7.png","contentUrl":"https:\/\/pinecco.com\/wp-content\/uploads\/2020\/08\/Untitled-7.png","width":500,"height":220,"caption":"Pinecco O\u00dc"},"image":{"@id":"https:\/\/pinecco.com\/#\/schema\/logo\/image\/"},"sameAs":["https:\/\/www.facebook.com\/pineccodesign\/","https:\/\/www.instagram.com\/pineccodesign\/"]}]}},"_links":{"self":[{"href":"https:\/\/pinecco.com\/en\/wp-json\/wp\/v2\/product\/8102","targetHints":{"allow":["GET"]}}],"collection":[{"href":"https:\/\/pinecco.com\/en\/wp-json\/wp\/v2\/product"}],"about":[{"href":"https:\/\/pinecco.com\/en\/wp-json\/wp\/v2\/types\/product"}],"wp:featuredmedia":[{"embeddable":true,"href":"https:\/\/pinecco.com\/en\/wp-json\/wp\/v2\/media\/8113"}],"wp:attachment":[{"href":"https:\/\/pinecco.com\/en\/wp-json\/wp\/v2\/media?parent=8102"}],"wp:term":[{"taxonomy":"product_brand","embeddable":true,"href":"https:\/\/pinecco.com\/en\/wp-json\/wp\/v2\/product_brand?post=8102"},{"taxonomy":"product_cat","embeddable":true,"href":"https:\/\/pinecco.com\/en\/wp-json\/wp\/v2\/product_cat?post=8102"},{"taxonomy":"product_tag","embeddable":true,"href":"https:\/\/pinecco.com\/en\/wp-json\/wp\/v2\/product_tag?post=8102"}],"curies":[{"name":"wp","href":"https:\/\/api.w.org\/{rel}","templated":true}]}}