{"id":3436,"date":"2020-09-29T12:28:18","date_gmt":"2020-10-02T13:03:36","guid":{"rendered":"https:\/\/pinecco.com\/toode\/kaanega-vineerist-karp-erikujundusega-helepruun\/"},"modified":"2020-10-02T16:03:39","modified_gmt":"2020-10-02T13:03:39","slug":"kaanega-vineerist-karp-erikujundusega-helepruun","status":"publish","type":"product","link":"https:\/\/pinecco.com\/en\/product\/kaanega-vineerist-karp-erikujundusega-helepruun\/","title":{"rendered":"Kaanega vineerist karp erikujundusega- Helepruun"},"content":{"rendered":"<p>Meie valmistatud vineerist karbid on ainulaadsed ja kordumatud. Karbil on painduvast vineerist kaas ja paelkinnitus. Karpe saab kasutada sisekujunduseelemendina, oluliste asjade stiilseks hoiustamiseks ning need sobivad ka t\u00e4iuslikult kingituste pakkimiseks. Karp sobitub ideaalselt meie 30cm diameetriga kelladele.<\/p>\n<p>Iga karp on ainulaadne ning puidu muster ja v\u00e4rvitoon v\u00f5ivad veidi erineda pildil olevast. Karpide toonimisel kasutame naturaalset puidu\u00f5li, mis ka peale toonimist j\u00e4tab n\u00e4htavaks puidule omase kauni mustri.<\/p>\n<p>Pakume eritellimusel graveeringut\/kujundust. Please write <a href=\"https:\/\/pinecco.com\/en\/contact\/\">us <\/a>for more information.<\/p>\n<p>Karpe saab tellida naturaalsena ehk toonimata kujul v\u00f5i erinevates v\u00e4rvitoonides. The color chart can be found next to the product photo.<\/p>\n<p>Karbi sisem\u00f5\u00f5dud: 31cm x 31cm x 4,5cm<\/p>\n","protected":false},"excerpt":{"rendered":"[fusion_checklist icon=\"fa-check\" iconcolor=\"\" circle=\"no\" circlecolor=\"\" size=\"15px\" class=\"\" id=\"\"]<br \/>\n[fusion_li_item icon=\"\"]Kirjuta tellimuse selgitusse (asub kassa lehel) soovitud v\u00e4rvitoon ning soovitud kujundus[\/fusion_li_item]<br \/>\n[\/fusion_checklist]\n","protected":false},"featured_media":3265,"template":"","meta":{"inline_featured_image":false},"product_brand":[],"product_cat":[187,284,134,130],"product_tag":[],"class_list":{"0":"post-3436","1":"product","2":"type-product","3":"status-publish","4":"has-post-thumbnail","6":"product_cat-boxes","7":"product_cat-boxes-en","8":"product_cat-companies-en","9":"product_cat-named-things","11":"first","12":"instock","13":"taxable","14":"shipping-taxable","15":"purchasable","16":"product-type-variable"},"yoast_head":"<!-- This site is optimized with the Yoast SEO plugin v27.3 - https:\/\/yoast.com\/product\/yoast-seo-wordpress\/ -->\n<title>Kaanega vineerist karp erikujundusega- Helepruun - Pinecco<\/title>\n<meta name=\"description\" content=\"Pinecco valmistatud vineerist karbid on ainulaadsed ja kordumatud. Karpe saab kasutada sisekujunduseelemendina, oluliste asjade stiilseks hoiustamiseks ning need sobivad ka t\u00e4iuslikult kingituste pakkimiseks.\" \/>\n<meta name=\"robots\" content=\"index, follow, max-snippet:-1, max-image-preview:large, max-video-preview:-1\" \/>\n<link rel=\"canonical\" href=\"https:\/\/pinecco.com\/en\/product\/kaanega-vineerist-karp-erikujundusega-helepruun\/\" \/>\n<meta property=\"og:locale\" content=\"en_US\" \/>\n<meta property=\"og:type\" content=\"article\" \/>\n<meta property=\"og:title\" content=\"Kaanega vineerist karp erikujundusega- Helepruun - Pinecco\" \/>\n<meta property=\"og:description\" content=\"Pinecco valmistatud vineerist karbid on ainulaadsed ja kordumatud. Karpe saab kasutada sisekujunduseelemendina, oluliste asjade stiilseks hoiustamiseks ning need sobivad ka t\u00e4iuslikult kingituste pakkimiseks.\" \/>\n<meta property=\"og:url\" content=\"https:\/\/pinecco.com\/en\/product\/kaanega-vineerist-karp-erikujundusega-helepruun\/\" \/>\n<meta property=\"og:site_name\" content=\"Pinecco\" \/>\n<meta property=\"article:publisher\" content=\"https:\/\/www.facebook.com\/pineccodesign\/\" \/>\n<meta property=\"article:modified_time\" content=\"2020-10-02T13:03:39+00:00\" \/>\n<meta property=\"og:image\" content=\"https:\/\/pinecco.com\/wp-content\/uploads\/2020\/09\/karbid2.jpg\" \/>\n\t<meta property=\"og:image:width\" content=\"700\" \/>\n\t<meta property=\"og:image:height\" content=\"700\" \/>\n\t<meta property=\"og:image:type\" content=\"image\/jpeg\" \/>\n<meta name=\"twitter:card\" content=\"summary_large_image\" \/>\n<meta name=\"twitter:label1\" content=\"Est. reading time\" \/>\n\t<meta name=\"twitter:data1\" content=\"1 minute\" \/>\n<script type=\"application\/ld+json\" class=\"yoast-schema-graph\">{\"@context\":\"https:\\\/\\\/schema.org\",\"@graph\":[{\"@type\":\"WebPage\",\"@id\":\"https:\\\/\\\/pinecco.com\\\/en\\\/product\\\/kaanega-vineerist-karp-erikujundusega-helepruun\\\/\",\"url\":\"https:\\\/\\\/pinecco.com\\\/en\\\/product\\\/kaanega-vineerist-karp-erikujundusega-helepruun\\\/\",\"name\":\"Kaanega vineerist karp erikujundusega- Helepruun - Pinecco\",\"isPartOf\":{\"@id\":\"https:\\\/\\\/pinecco.com\\\/#website\"},\"primaryImageOfPage\":{\"@id\":\"https:\\\/\\\/pinecco.com\\\/en\\\/product\\\/kaanega-vineerist-karp-erikujundusega-helepruun\\\/#primaryimage\"},\"image\":{\"@id\":\"https:\\\/\\\/pinecco.com\\\/en\\\/product\\\/kaanega-vineerist-karp-erikujundusega-helepruun\\\/#primaryimage\"},\"thumbnailUrl\":\"https:\\\/\\\/pinecco.com\\\/wp-content\\\/uploads\\\/2020\\\/09\\\/karbid2.jpg\",\"datePublished\":\"2020-10-02T13:03:36+00:00\",\"dateModified\":\"2020-10-02T13:03:39+00:00\",\"description\":\"Pinecco valmistatud vineerist karbid on ainulaadsed ja kordumatud. Karpe saab kasutada sisekujunduseelemendina, oluliste asjade stiilseks hoiustamiseks ning need sobivad ka t\u00e4iuslikult kingituste pakkimiseks.\",\"breadcrumb\":{\"@id\":\"https:\\\/\\\/pinecco.com\\\/en\\\/product\\\/kaanega-vineerist-karp-erikujundusega-helepruun\\\/#breadcrumb\"},\"inLanguage\":\"en-US\",\"potentialAction\":[{\"@type\":\"ReadAction\",\"target\":[\"https:\\\/\\\/pinecco.com\\\/en\\\/product\\\/kaanega-vineerist-karp-erikujundusega-helepruun\\\/\"]}]},{\"@type\":\"ImageObject\",\"inLanguage\":\"en-US\",\"@id\":\"https:\\\/\\\/pinecco.com\\\/en\\\/product\\\/kaanega-vineerist-karp-erikujundusega-helepruun\\\/#primaryimage\",\"url\":\"https:\\\/\\\/pinecco.com\\\/wp-content\\\/uploads\\\/2020\\\/09\\\/karbid2.jpg\",\"contentUrl\":\"https:\\\/\\\/pinecco.com\\\/wp-content\\\/uploads\\\/2020\\\/09\\\/karbid2.jpg\",\"width\":700,\"height\":700,\"caption\":\"Nimepusle puidust\"},{\"@type\":\"BreadcrumbList\",\"@id\":\"https:\\\/\\\/pinecco.com\\\/en\\\/product\\\/kaanega-vineerist-karp-erikujundusega-helepruun\\\/#breadcrumb\",\"itemListElement\":[{\"@type\":\"ListItem\",\"position\":1,\"name\":\"Home\",\"item\":\"https:\\\/\\\/pinecco.com\\\/\"},{\"@type\":\"ListItem\",\"position\":2,\"name\":\"Pood\",\"item\":\"https:\\\/\\\/pinecco.com\\\/pood\\\/\"},{\"@type\":\"ListItem\",\"position\":3,\"name\":\"Kaanega vineerist karp erikujundusega- Helepruun\"}]},{\"@type\":\"WebSite\",\"@id\":\"https:\\\/\\\/pinecco.com\\\/#website\",\"url\":\"https:\\\/\\\/pinecco.com\\\/\",\"name\":\"Pinecco\",\"description\":\"Pinecco e-pood\",\"publisher\":{\"@id\":\"https:\\\/\\\/pinecco.com\\\/#organization\"},\"potentialAction\":[{\"@type\":\"SearchAction\",\"target\":{\"@type\":\"EntryPoint\",\"urlTemplate\":\"https:\\\/\\\/pinecco.com\\\/?s={search_term_string}\"},\"query-input\":{\"@type\":\"PropertyValueSpecification\",\"valueRequired\":true,\"valueName\":\"search_term_string\"}}],\"inLanguage\":\"en-US\"},{\"@type\":\"Organization\",\"@id\":\"https:\\\/\\\/pinecco.com\\\/#organization\",\"name\":\"Pinecco O\u00dc\",\"url\":\"https:\\\/\\\/pinecco.com\\\/\",\"logo\":{\"@type\":\"ImageObject\",\"inLanguage\":\"en-US\",\"@id\":\"https:\\\/\\\/pinecco.com\\\/#\\\/schema\\\/logo\\\/image\\\/\",\"url\":\"https:\\\/\\\/pinecco.com\\\/wp-content\\\/uploads\\\/2020\\\/08\\\/Untitled-7.png\",\"contentUrl\":\"https:\\\/\\\/pinecco.com\\\/wp-content\\\/uploads\\\/2020\\\/08\\\/Untitled-7.png\",\"width\":500,\"height\":220,\"caption\":\"Pinecco O\u00dc\"},\"image\":{\"@id\":\"https:\\\/\\\/pinecco.com\\\/#\\\/schema\\\/logo\\\/image\\\/\"},\"sameAs\":[\"https:\\\/\\\/www.facebook.com\\\/pineccodesign\\\/\",\"https:\\\/\\\/www.instagram.com\\\/pineccodesign\\\/\"]}]}<\/script>\n<!-- \/ Yoast SEO plugin. -->","yoast_head_json":{"title":"Kaanega vineerist karp erikujundusega- Helepruun - Pinecco","description":"Pinecco valmistatud vineerist karbid on ainulaadsed ja kordumatud. Karpe saab kasutada sisekujunduseelemendina, oluliste asjade stiilseks hoiustamiseks ning need sobivad ka t\u00e4iuslikult kingituste pakkimiseks.","robots":{"index":"index","follow":"follow","max-snippet":"max-snippet:-1","max-image-preview":"max-image-preview:large","max-video-preview":"max-video-preview:-1"},"canonical":"https:\/\/pinecco.com\/en\/product\/kaanega-vineerist-karp-erikujundusega-helepruun\/","og_locale":"en_US","og_type":"article","og_title":"Kaanega vineerist karp erikujundusega- Helepruun - Pinecco","og_description":"Pinecco valmistatud vineerist karbid on ainulaadsed ja kordumatud. Karpe saab kasutada sisekujunduseelemendina, oluliste asjade stiilseks hoiustamiseks ning need sobivad ka t\u00e4iuslikult kingituste pakkimiseks.","og_url":"https:\/\/pinecco.com\/en\/product\/kaanega-vineerist-karp-erikujundusega-helepruun\/","og_site_name":"Pinecco","article_publisher":"https:\/\/www.facebook.com\/pineccodesign\/","article_modified_time":"2020-10-02T13:03:39+00:00","og_image":[{"width":700,"height":700,"url":"https:\/\/pinecco.com\/wp-content\/uploads\/2020\/09\/karbid2.jpg","type":"image\/jpeg"}],"twitter_card":"summary_large_image","twitter_misc":{"Est. reading time":"1 minute"},"schema":{"@context":"https:\/\/schema.org","@graph":[{"@type":"WebPage","@id":"https:\/\/pinecco.com\/en\/product\/kaanega-vineerist-karp-erikujundusega-helepruun\/","url":"https:\/\/pinecco.com\/en\/product\/kaanega-vineerist-karp-erikujundusega-helepruun\/","name":"Kaanega vineerist karp erikujundusega- Helepruun - Pinecco","isPartOf":{"@id":"https:\/\/pinecco.com\/#website"},"primaryImageOfPage":{"@id":"https:\/\/pinecco.com\/en\/product\/kaanega-vineerist-karp-erikujundusega-helepruun\/#primaryimage"},"image":{"@id":"https:\/\/pinecco.com\/en\/product\/kaanega-vineerist-karp-erikujundusega-helepruun\/#primaryimage"},"thumbnailUrl":"https:\/\/pinecco.com\/wp-content\/uploads\/2020\/09\/karbid2.jpg","datePublished":"2020-10-02T13:03:36+00:00","dateModified":"2020-10-02T13:03:39+00:00","description":"Pinecco valmistatud vineerist karbid on ainulaadsed ja kordumatud. Karpe saab kasutada sisekujunduseelemendina, oluliste asjade stiilseks hoiustamiseks ning need sobivad ka t\u00e4iuslikult kingituste pakkimiseks.","breadcrumb":{"@id":"https:\/\/pinecco.com\/en\/product\/kaanega-vineerist-karp-erikujundusega-helepruun\/#breadcrumb"},"inLanguage":"en-US","potentialAction":[{"@type":"ReadAction","target":["https:\/\/pinecco.com\/en\/product\/kaanega-vineerist-karp-erikujundusega-helepruun\/"]}]},{"@type":"ImageObject","inLanguage":"en-US","@id":"https:\/\/pinecco.com\/en\/product\/kaanega-vineerist-karp-erikujundusega-helepruun\/#primaryimage","url":"https:\/\/pinecco.com\/wp-content\/uploads\/2020\/09\/karbid2.jpg","contentUrl":"https:\/\/pinecco.com\/wp-content\/uploads\/2020\/09\/karbid2.jpg","width":700,"height":700,"caption":"Nimepusle puidust"},{"@type":"BreadcrumbList","@id":"https:\/\/pinecco.com\/en\/product\/kaanega-vineerist-karp-erikujundusega-helepruun\/#breadcrumb","itemListElement":[{"@type":"ListItem","position":1,"name":"Home","item":"https:\/\/pinecco.com\/"},{"@type":"ListItem","position":2,"name":"Pood","item":"https:\/\/pinecco.com\/pood\/"},{"@type":"ListItem","position":3,"name":"Kaanega vineerist karp erikujundusega- Helepruun"}]},{"@type":"WebSite","@id":"https:\/\/pinecco.com\/#website","url":"https:\/\/pinecco.com\/","name":"Pinecco","description":"Pinecco e-pood","publisher":{"@id":"https:\/\/pinecco.com\/#organization"},"potentialAction":[{"@type":"SearchAction","target":{"@type":"EntryPoint","urlTemplate":"https:\/\/pinecco.com\/?s={search_term_string}"},"query-input":{"@type":"PropertyValueSpecification","valueRequired":true,"valueName":"search_term_string"}}],"inLanguage":"en-US"},{"@type":"Organization","@id":"https:\/\/pinecco.com\/#organization","name":"Pinecco O\u00dc","url":"https:\/\/pinecco.com\/","logo":{"@type":"ImageObject","inLanguage":"en-US","@id":"https:\/\/pinecco.com\/#\/schema\/logo\/image\/","url":"https:\/\/pinecco.com\/wp-content\/uploads\/2020\/08\/Untitled-7.png","contentUrl":"https:\/\/pinecco.com\/wp-content\/uploads\/2020\/08\/Untitled-7.png","width":500,"height":220,"caption":"Pinecco O\u00dc"},"image":{"@id":"https:\/\/pinecco.com\/#\/schema\/logo\/image\/"},"sameAs":["https:\/\/www.facebook.com\/pineccodesign\/","https:\/\/www.instagram.com\/pineccodesign\/"]}]}},"_links":{"self":[{"href":"https:\/\/pinecco.com\/en\/wp-json\/wp\/v2\/product\/3436","targetHints":{"allow":["GET"]}}],"collection":[{"href":"https:\/\/pinecco.com\/en\/wp-json\/wp\/v2\/product"}],"about":[{"href":"https:\/\/pinecco.com\/en\/wp-json\/wp\/v2\/types\/product"}],"wp:featuredmedia":[{"embeddable":true,"href":"https:\/\/pinecco.com\/en\/wp-json\/wp\/v2\/media\/3265"}],"wp:attachment":[{"href":"https:\/\/pinecco.com\/en\/wp-json\/wp\/v2\/media?parent=3436"}],"wp:term":[{"taxonomy":"product_brand","embeddable":true,"href":"https:\/\/pinecco.com\/en\/wp-json\/wp\/v2\/product_brand?post=3436"},{"taxonomy":"product_cat","embeddable":true,"href":"https:\/\/pinecco.com\/en\/wp-json\/wp\/v2\/product_cat?post=3436"},{"taxonomy":"product_tag","embeddable":true,"href":"https:\/\/pinecco.com\/en\/wp-json\/wp\/v2\/product_tag?post=3436"}],"curies":[{"name":"wp","href":"https:\/\/api.w.org\/{rel}","templated":true}]}}