{"id":11542,"date":"2021-10-17T21:50:30","date_gmt":"2022-09-06T18:39:48","guid":{"rendered":"https:\/\/pinecco.com\/toode\/traveling-and-drinking-game-serving-tray-cutting-board\/"},"modified":"2022-09-06T21:39:48","modified_gmt":"2022-09-06T18:39:48","slug":"reisi-ja-joogimang-serveerimisalus-loikelaud-2","status":"publish","type":"product","link":"https:\/\/pinecco.com\/en\/product\/reisi-ja-joogimang-serveerimisalus-loikelaud-2\/","title":{"rendered":"Traveling and drinking game\/serving tray\/cutting board"},"content":{"rendered":"<p>The game is a gift with a bit of swing for everyone who loves to spend time with friends, enjoy drinks and tastes.<br \/>\nFirst, serve the meals on the tray, and when your stomach is full, start playing around the world, where for a change (according to the rules of the game) you can take a few sips of a drink of your choice.<\/p>\n<p>Game dimensions: 32cm x 32cm x 0.4cm<\/p>\n<p>In the set: Serving tray\/cutting board\/board game, buttons with wild characters, dice, 4 drinking cups.<\/p>\n<p>The base is treated with special cutting board oil.<\/p>\n<p>The game can be made unique by adding a name, text, logo, etc., in this case choose a special shopping cart design. Ask for mor infomation with <a href=\"info@pinecco.com\">e-mail.<\/a><\/p>\n","protected":false},"excerpt":{"rendered":"<p>The game is a gift with a bit of swing for everyone who loves to spend time with friends, enjoy drinks and tastes.  [&#8230;]<\/p>\n","protected":false},"featured_media":8327,"template":"","meta":{"inline_featured_image":false},"product_brand":[],"product_cat":[362,134,130],"product_tag":[],"class_list":{"0":"post-11542","1":"product","2":"type-product","3":"status-publish","4":"has-post-thumbnail","6":"product_cat-christmas","7":"product_cat-companies-en","8":"product_cat-named-things","10":"first","11":"instock","12":"taxable","13":"shipping-taxable","14":"purchasable","15":"product-type-variable"},"yoast_head":"<!-- This site is optimized with the Yoast SEO plugin v27.3 - https:\/\/yoast.com\/product\/yoast-seo-wordpress\/ -->\n<title>Traveling and drinking game\/serving tray\/cutting board - Pinecco<\/title>\n<meta name=\"description\" content=\"M\u00e4ng on pisut kiiksuga kingitus k\u00f5igile, kes armastavad koos s\u00f5pradega aega veeta, v\u00e4\u00e4rt jooke ja maitseid nautida.\" \/>\n<meta name=\"robots\" content=\"index, follow, max-snippet:-1, max-image-preview:large, max-video-preview:-1\" \/>\n<link rel=\"canonical\" href=\"https:\/\/pinecco.com\/en\/product\/reisi-ja-joogimang-serveerimisalus-loikelaud-2\/\" \/>\n<meta property=\"og:locale\" content=\"en_US\" \/>\n<meta property=\"og:type\" content=\"article\" \/>\n<meta property=\"og:title\" content=\"Traveling and drinking game\/serving tray\/cutting board - Pinecco\" \/>\n<meta property=\"og:description\" content=\"M\u00e4ng on pisut kiiksuga kingitus k\u00f5igile, kes armastavad koos s\u00f5pradega aega veeta, v\u00e4\u00e4rt jooke ja maitseid nautida.\" \/>\n<meta property=\"og:url\" content=\"https:\/\/pinecco.com\/en\/product\/reisi-ja-joogimang-serveerimisalus-loikelaud-2\/\" \/>\n<meta property=\"og:site_name\" content=\"Pinecco\" \/>\n<meta property=\"article:publisher\" content=\"https:\/\/www.facebook.com\/pineccodesign\/\" \/>\n<meta property=\"og:image\" content=\"https:\/\/pinecco.com\/wp-content\/uploads\/2021\/10\/Joogimang3.jpg\" \/>\n\t<meta property=\"og:image:width\" content=\"700\" \/>\n\t<meta property=\"og:image:height\" content=\"467\" \/>\n\t<meta property=\"og:image:type\" content=\"image\/jpeg\" \/>\n<meta name=\"twitter:card\" content=\"summary_large_image\" \/>\n<meta name=\"twitter:label1\" content=\"Est. reading time\" \/>\n\t<meta name=\"twitter:data1\" content=\"1 minute\" \/>\n<script type=\"application\/ld+json\" class=\"yoast-schema-graph\">{\"@context\":\"https:\\\/\\\/schema.org\",\"@graph\":[{\"@type\":\"WebPage\",\"@id\":\"https:\\\/\\\/pinecco.com\\\/en\\\/product\\\/reisi-ja-joogimang-serveerimisalus-loikelaud-2\\\/\",\"url\":\"https:\\\/\\\/pinecco.com\\\/en\\\/product\\\/reisi-ja-joogimang-serveerimisalus-loikelaud-2\\\/\",\"name\":\"Traveling and drinking game\\\/serving tray\\\/cutting board - Pinecco\",\"isPartOf\":{\"@id\":\"https:\\\/\\\/pinecco.com\\\/#website\"},\"primaryImageOfPage\":{\"@id\":\"https:\\\/\\\/pinecco.com\\\/en\\\/product\\\/reisi-ja-joogimang-serveerimisalus-loikelaud-2\\\/#primaryimage\"},\"image\":{\"@id\":\"https:\\\/\\\/pinecco.com\\\/en\\\/product\\\/reisi-ja-joogimang-serveerimisalus-loikelaud-2\\\/#primaryimage\"},\"thumbnailUrl\":\"https:\\\/\\\/pinecco.com\\\/wp-content\\\/uploads\\\/2021\\\/10\\\/Joogimang3.jpg\",\"datePublished\":\"2022-09-06T18:39:48+00:00\",\"description\":\"M\u00e4ng on pisut kiiksuga kingitus k\u00f5igile, kes armastavad koos s\u00f5pradega aega veeta, v\u00e4\u00e4rt jooke ja maitseid nautida.\",\"breadcrumb\":{\"@id\":\"https:\\\/\\\/pinecco.com\\\/en\\\/product\\\/reisi-ja-joogimang-serveerimisalus-loikelaud-2\\\/#breadcrumb\"},\"inLanguage\":\"en-US\",\"potentialAction\":[{\"@type\":\"ReadAction\",\"target\":[\"https:\\\/\\\/pinecco.com\\\/en\\\/product\\\/reisi-ja-joogimang-serveerimisalus-loikelaud-2\\\/\"]}]},{\"@type\":\"ImageObject\",\"inLanguage\":\"en-US\",\"@id\":\"https:\\\/\\\/pinecco.com\\\/en\\\/product\\\/reisi-ja-joogimang-serveerimisalus-loikelaud-2\\\/#primaryimage\",\"url\":\"https:\\\/\\\/pinecco.com\\\/wp-content\\\/uploads\\\/2021\\\/10\\\/Joogimang3.jpg\",\"contentUrl\":\"https:\\\/\\\/pinecco.com\\\/wp-content\\\/uploads\\\/2021\\\/10\\\/Joogimang3.jpg\",\"width\":700,\"height\":467,\"caption\":\"joogim\u00e4ng\"},{\"@type\":\"BreadcrumbList\",\"@id\":\"https:\\\/\\\/pinecco.com\\\/en\\\/product\\\/reisi-ja-joogimang-serveerimisalus-loikelaud-2\\\/#breadcrumb\",\"itemListElement\":[{\"@type\":\"ListItem\",\"position\":1,\"name\":\"Home\",\"item\":\"https:\\\/\\\/pinecco.com\\\/\"},{\"@type\":\"ListItem\",\"position\":2,\"name\":\"Pood\",\"item\":\"https:\\\/\\\/pinecco.com\\\/pood\\\/\"},{\"@type\":\"ListItem\",\"position\":3,\"name\":\"Traveling and drinking game\\\/serving tray\\\/cutting board\"}]},{\"@type\":\"WebSite\",\"@id\":\"https:\\\/\\\/pinecco.com\\\/#website\",\"url\":\"https:\\\/\\\/pinecco.com\\\/\",\"name\":\"Pinecco\",\"description\":\"Pinecco e-pood\",\"publisher\":{\"@id\":\"https:\\\/\\\/pinecco.com\\\/#organization\"},\"potentialAction\":[{\"@type\":\"SearchAction\",\"target\":{\"@type\":\"EntryPoint\",\"urlTemplate\":\"https:\\\/\\\/pinecco.com\\\/?s={search_term_string}\"},\"query-input\":{\"@type\":\"PropertyValueSpecification\",\"valueRequired\":true,\"valueName\":\"search_term_string\"}}],\"inLanguage\":\"en-US\"},{\"@type\":\"Organization\",\"@id\":\"https:\\\/\\\/pinecco.com\\\/#organization\",\"name\":\"Pinecco O\u00dc\",\"url\":\"https:\\\/\\\/pinecco.com\\\/\",\"logo\":{\"@type\":\"ImageObject\",\"inLanguage\":\"en-US\",\"@id\":\"https:\\\/\\\/pinecco.com\\\/#\\\/schema\\\/logo\\\/image\\\/\",\"url\":\"https:\\\/\\\/pinecco.com\\\/wp-content\\\/uploads\\\/2020\\\/08\\\/Untitled-7.png\",\"contentUrl\":\"https:\\\/\\\/pinecco.com\\\/wp-content\\\/uploads\\\/2020\\\/08\\\/Untitled-7.png\",\"width\":500,\"height\":220,\"caption\":\"Pinecco O\u00dc\"},\"image\":{\"@id\":\"https:\\\/\\\/pinecco.com\\\/#\\\/schema\\\/logo\\\/image\\\/\"},\"sameAs\":[\"https:\\\/\\\/www.facebook.com\\\/pineccodesign\\\/\",\"https:\\\/\\\/www.instagram.com\\\/pineccodesign\\\/\"]}]}<\/script>\n<!-- \/ Yoast SEO plugin. -->","yoast_head_json":{"title":"Traveling and drinking game\/serving tray\/cutting board - Pinecco","description":"M\u00e4ng on pisut kiiksuga kingitus k\u00f5igile, kes armastavad koos s\u00f5pradega aega veeta, v\u00e4\u00e4rt jooke ja maitseid nautida.","robots":{"index":"index","follow":"follow","max-snippet":"max-snippet:-1","max-image-preview":"max-image-preview:large","max-video-preview":"max-video-preview:-1"},"canonical":"https:\/\/pinecco.com\/en\/product\/reisi-ja-joogimang-serveerimisalus-loikelaud-2\/","og_locale":"en_US","og_type":"article","og_title":"Traveling and drinking game\/serving tray\/cutting board - Pinecco","og_description":"M\u00e4ng on pisut kiiksuga kingitus k\u00f5igile, kes armastavad koos s\u00f5pradega aega veeta, v\u00e4\u00e4rt jooke ja maitseid nautida.","og_url":"https:\/\/pinecco.com\/en\/product\/reisi-ja-joogimang-serveerimisalus-loikelaud-2\/","og_site_name":"Pinecco","article_publisher":"https:\/\/www.facebook.com\/pineccodesign\/","og_image":[{"width":700,"height":467,"url":"https:\/\/pinecco.com\/wp-content\/uploads\/2021\/10\/Joogimang3.jpg","type":"image\/jpeg"}],"twitter_card":"summary_large_image","twitter_misc":{"Est. reading time":"1 minute"},"schema":{"@context":"https:\/\/schema.org","@graph":[{"@type":"WebPage","@id":"https:\/\/pinecco.com\/en\/product\/reisi-ja-joogimang-serveerimisalus-loikelaud-2\/","url":"https:\/\/pinecco.com\/en\/product\/reisi-ja-joogimang-serveerimisalus-loikelaud-2\/","name":"Traveling and drinking game\/serving tray\/cutting board - Pinecco","isPartOf":{"@id":"https:\/\/pinecco.com\/#website"},"primaryImageOfPage":{"@id":"https:\/\/pinecco.com\/en\/product\/reisi-ja-joogimang-serveerimisalus-loikelaud-2\/#primaryimage"},"image":{"@id":"https:\/\/pinecco.com\/en\/product\/reisi-ja-joogimang-serveerimisalus-loikelaud-2\/#primaryimage"},"thumbnailUrl":"https:\/\/pinecco.com\/wp-content\/uploads\/2021\/10\/Joogimang3.jpg","datePublished":"2022-09-06T18:39:48+00:00","description":"M\u00e4ng on pisut kiiksuga kingitus k\u00f5igile, kes armastavad koos s\u00f5pradega aega veeta, v\u00e4\u00e4rt jooke ja maitseid nautida.","breadcrumb":{"@id":"https:\/\/pinecco.com\/en\/product\/reisi-ja-joogimang-serveerimisalus-loikelaud-2\/#breadcrumb"},"inLanguage":"en-US","potentialAction":[{"@type":"ReadAction","target":["https:\/\/pinecco.com\/en\/product\/reisi-ja-joogimang-serveerimisalus-loikelaud-2\/"]}]},{"@type":"ImageObject","inLanguage":"en-US","@id":"https:\/\/pinecco.com\/en\/product\/reisi-ja-joogimang-serveerimisalus-loikelaud-2\/#primaryimage","url":"https:\/\/pinecco.com\/wp-content\/uploads\/2021\/10\/Joogimang3.jpg","contentUrl":"https:\/\/pinecco.com\/wp-content\/uploads\/2021\/10\/Joogimang3.jpg","width":700,"height":467,"caption":"joogim\u00e4ng"},{"@type":"BreadcrumbList","@id":"https:\/\/pinecco.com\/en\/product\/reisi-ja-joogimang-serveerimisalus-loikelaud-2\/#breadcrumb","itemListElement":[{"@type":"ListItem","position":1,"name":"Home","item":"https:\/\/pinecco.com\/"},{"@type":"ListItem","position":2,"name":"Pood","item":"https:\/\/pinecco.com\/pood\/"},{"@type":"ListItem","position":3,"name":"Traveling and drinking game\/serving tray\/cutting board"}]},{"@type":"WebSite","@id":"https:\/\/pinecco.com\/#website","url":"https:\/\/pinecco.com\/","name":"Pinecco","description":"Pinecco e-pood","publisher":{"@id":"https:\/\/pinecco.com\/#organization"},"potentialAction":[{"@type":"SearchAction","target":{"@type":"EntryPoint","urlTemplate":"https:\/\/pinecco.com\/?s={search_term_string}"},"query-input":{"@type":"PropertyValueSpecification","valueRequired":true,"valueName":"search_term_string"}}],"inLanguage":"en-US"},{"@type":"Organization","@id":"https:\/\/pinecco.com\/#organization","name":"Pinecco O\u00dc","url":"https:\/\/pinecco.com\/","logo":{"@type":"ImageObject","inLanguage":"en-US","@id":"https:\/\/pinecco.com\/#\/schema\/logo\/image\/","url":"https:\/\/pinecco.com\/wp-content\/uploads\/2020\/08\/Untitled-7.png","contentUrl":"https:\/\/pinecco.com\/wp-content\/uploads\/2020\/08\/Untitled-7.png","width":500,"height":220,"caption":"Pinecco O\u00dc"},"image":{"@id":"https:\/\/pinecco.com\/#\/schema\/logo\/image\/"},"sameAs":["https:\/\/www.facebook.com\/pineccodesign\/","https:\/\/www.instagram.com\/pineccodesign\/"]}]}},"_links":{"self":[{"href":"https:\/\/pinecco.com\/en\/wp-json\/wp\/v2\/product\/11542","targetHints":{"allow":["GET"]}}],"collection":[{"href":"https:\/\/pinecco.com\/en\/wp-json\/wp\/v2\/product"}],"about":[{"href":"https:\/\/pinecco.com\/en\/wp-json\/wp\/v2\/types\/product"}],"wp:featuredmedia":[{"embeddable":true,"href":"https:\/\/pinecco.com\/en\/wp-json\/wp\/v2\/media\/8327"}],"wp:attachment":[{"href":"https:\/\/pinecco.com\/en\/wp-json\/wp\/v2\/media?parent=11542"}],"wp:term":[{"taxonomy":"product_brand","embeddable":true,"href":"https:\/\/pinecco.com\/en\/wp-json\/wp\/v2\/product_brand?post=11542"},{"taxonomy":"product_cat","embeddable":true,"href":"https:\/\/pinecco.com\/en\/wp-json\/wp\/v2\/product_cat?post=11542"},{"taxonomy":"product_tag","embeddable":true,"href":"https:\/\/pinecco.com\/en\/wp-json\/wp\/v2\/product_tag?post=11542"}],"curies":[{"name":"wp","href":"https:\/\/api.w.org\/{rel}","templated":true}]}}