{"id":11402,"date":"2022-04-25T12:38:34","date_gmt":"2022-08-09T08:00:19","guid":{"rendered":"https:\/\/pinecco.com\/toode\/sadasaba-a-butterfly\/"},"modified":"2022-08-09T11:00:19","modified_gmt":"2022-08-09T08:00:19","slug":"sadasaba-liblikas-2","status":"publish","type":"product","link":"https:\/\/pinecco.com\/en\/product\/sadasaba-liblikas-2\/","title":{"rendered":"Sadasaba &#8211; A butterfly"},"content":{"rendered":"<p>Punumism\u00e4ng kodumaistest loomadest ja rahvuslikest ning eestlastele tuttavatest kujunditest. N\u00f6\u00f6riga punudes on v\u00f5imalik moodustada erinevaid mustreid ja kasutada mitmesuguseid tehnikaid. M\u00e4ng arendab peenmotoorikat ehk k\u00e4elist tegevust, samuti loovust ja t\u00e4helepanu.<\/p>\n<p>Pakendis on kaks eri v\u00e4rvi n\u00f6\u00f6ri ja vineerist kujund punumiseks.<\/p>\n<p>Kujundi suurus 10-15cm<\/p>\n","protected":false},"excerpt":{"rendered":"<p>Punumism\u00e4ng kodumaistest loomadest ja rahvuslikest ning eestlastele tuttavatest kujunditest. N\u00f6\u00f6riga punudes on v\u00f5imalik moodustada erinevaid mustreid ja kasutada mitmesuguseid tehnikaid. M\u00e4ng arendab peenmotoorikat  [&#8230;]<\/p>\n","protected":false},"featured_media":10880,"template":"","meta":{"inline_featured_image":false},"product_brand":[],"product_cat":[424],"product_tag":[],"class_list":{"0":"post-11402","1":"product","2":"type-product","3":"status-publish","4":"has-post-thumbnail","6":"product_cat-wooden-products","8":"first","9":"instock","10":"taxable","11":"shipping-taxable","12":"purchasable","13":"product-type-simple"},"yoast_head":"<!-- This site is optimized with the Yoast SEO plugin v27.3 - https:\/\/yoast.com\/product\/yoast-seo-wordpress\/ -->\n<title>Sadasaba - A butterfly - Pinecco<\/title>\n<meta name=\"description\" content=\"N\u00f6\u00f6riga punudes on v\u00f5imalik moodustada erinevaid mustreid. M\u00e4ng arendab peenmotoorikat, samuti loovust ja t\u00e4helepanu.\" \/>\n<meta name=\"robots\" content=\"index, follow, max-snippet:-1, max-image-preview:large, max-video-preview:-1\" \/>\n<link rel=\"canonical\" href=\"https:\/\/pinecco.com\/en\/product\/sadasaba-liblikas-2\/\" \/>\n<meta property=\"og:locale\" content=\"en_US\" \/>\n<meta property=\"og:type\" content=\"article\" \/>\n<meta property=\"og:title\" content=\"Sadasaba - A butterfly - Pinecco\" \/>\n<meta property=\"og:description\" content=\"N\u00f6\u00f6riga punudes on v\u00f5imalik moodustada erinevaid mustreid. M\u00e4ng arendab peenmotoorikat, samuti loovust ja t\u00e4helepanu.\" \/>\n<meta property=\"og:url\" content=\"https:\/\/pinecco.com\/en\/product\/sadasaba-liblikas-2\/\" \/>\n<meta property=\"og:site_name\" content=\"Pinecco\" \/>\n<meta property=\"article:publisher\" content=\"https:\/\/www.facebook.com\/pineccodesign\/\" \/>\n<meta property=\"og:image\" content=\"https:\/\/pinecco.com\/wp-content\/uploads\/2022\/04\/IMG_73221.jpg\" \/>\n\t<meta property=\"og:image:width\" content=\"700\" \/>\n\t<meta property=\"og:image:height\" content=\"700\" \/>\n\t<meta property=\"og:image:type\" content=\"image\/jpeg\" \/>\n<meta name=\"twitter:card\" content=\"summary_large_image\" \/>\n<script type=\"application\/ld+json\" class=\"yoast-schema-graph\">{\"@context\":\"https:\\\/\\\/schema.org\",\"@graph\":[{\"@type\":\"WebPage\",\"@id\":\"https:\\\/\\\/pinecco.com\\\/en\\\/product\\\/sadasaba-liblikas-2\\\/\",\"url\":\"https:\\\/\\\/pinecco.com\\\/en\\\/product\\\/sadasaba-liblikas-2\\\/\",\"name\":\"Sadasaba - A butterfly - Pinecco\",\"isPartOf\":{\"@id\":\"https:\\\/\\\/pinecco.com\\\/#website\"},\"primaryImageOfPage\":{\"@id\":\"https:\\\/\\\/pinecco.com\\\/en\\\/product\\\/sadasaba-liblikas-2\\\/#primaryimage\"},\"image\":{\"@id\":\"https:\\\/\\\/pinecco.com\\\/en\\\/product\\\/sadasaba-liblikas-2\\\/#primaryimage\"},\"thumbnailUrl\":\"https:\\\/\\\/pinecco.com\\\/wp-content\\\/uploads\\\/2022\\\/04\\\/IMG_73221.jpg\",\"datePublished\":\"2022-08-09T08:00:19+00:00\",\"description\":\"N\u00f6\u00f6riga punudes on v\u00f5imalik moodustada erinevaid mustreid. M\u00e4ng arendab peenmotoorikat, samuti loovust ja t\u00e4helepanu.\",\"breadcrumb\":{\"@id\":\"https:\\\/\\\/pinecco.com\\\/en\\\/product\\\/sadasaba-liblikas-2\\\/#breadcrumb\"},\"inLanguage\":\"en-US\",\"potentialAction\":[{\"@type\":\"ReadAction\",\"target\":[\"https:\\\/\\\/pinecco.com\\\/en\\\/product\\\/sadasaba-liblikas-2\\\/\"]}]},{\"@type\":\"ImageObject\",\"inLanguage\":\"en-US\",\"@id\":\"https:\\\/\\\/pinecco.com\\\/en\\\/product\\\/sadasaba-liblikas-2\\\/#primaryimage\",\"url\":\"https:\\\/\\\/pinecco.com\\\/wp-content\\\/uploads\\\/2022\\\/04\\\/IMG_73221.jpg\",\"contentUrl\":\"https:\\\/\\\/pinecco.com\\\/wp-content\\\/uploads\\\/2022\\\/04\\\/IMG_73221.jpg\",\"width\":700,\"height\":700,\"caption\":\"Sadasaba liblikas\"},{\"@type\":\"BreadcrumbList\",\"@id\":\"https:\\\/\\\/pinecco.com\\\/en\\\/product\\\/sadasaba-liblikas-2\\\/#breadcrumb\",\"itemListElement\":[{\"@type\":\"ListItem\",\"position\":1,\"name\":\"Home\",\"item\":\"https:\\\/\\\/pinecco.com\\\/\"},{\"@type\":\"ListItem\",\"position\":2,\"name\":\"Pood\",\"item\":\"https:\\\/\\\/pinecco.com\\\/pood\\\/\"},{\"@type\":\"ListItem\",\"position\":3,\"name\":\"Sadasaba &#8211; A butterfly\"}]},{\"@type\":\"WebSite\",\"@id\":\"https:\\\/\\\/pinecco.com\\\/#website\",\"url\":\"https:\\\/\\\/pinecco.com\\\/\",\"name\":\"Pinecco\",\"description\":\"Pinecco e-pood\",\"publisher\":{\"@id\":\"https:\\\/\\\/pinecco.com\\\/#organization\"},\"potentialAction\":[{\"@type\":\"SearchAction\",\"target\":{\"@type\":\"EntryPoint\",\"urlTemplate\":\"https:\\\/\\\/pinecco.com\\\/?s={search_term_string}\"},\"query-input\":{\"@type\":\"PropertyValueSpecification\",\"valueRequired\":true,\"valueName\":\"search_term_string\"}}],\"inLanguage\":\"en-US\"},{\"@type\":\"Organization\",\"@id\":\"https:\\\/\\\/pinecco.com\\\/#organization\",\"name\":\"Pinecco O\u00dc\",\"url\":\"https:\\\/\\\/pinecco.com\\\/\",\"logo\":{\"@type\":\"ImageObject\",\"inLanguage\":\"en-US\",\"@id\":\"https:\\\/\\\/pinecco.com\\\/#\\\/schema\\\/logo\\\/image\\\/\",\"url\":\"https:\\\/\\\/pinecco.com\\\/wp-content\\\/uploads\\\/2020\\\/08\\\/Untitled-7.png\",\"contentUrl\":\"https:\\\/\\\/pinecco.com\\\/wp-content\\\/uploads\\\/2020\\\/08\\\/Untitled-7.png\",\"width\":500,\"height\":220,\"caption\":\"Pinecco O\u00dc\"},\"image\":{\"@id\":\"https:\\\/\\\/pinecco.com\\\/#\\\/schema\\\/logo\\\/image\\\/\"},\"sameAs\":[\"https:\\\/\\\/www.facebook.com\\\/pineccodesign\\\/\",\"https:\\\/\\\/www.instagram.com\\\/pineccodesign\\\/\"]}]}<\/script>\n<!-- \/ Yoast SEO plugin. -->","yoast_head_json":{"title":"Sadasaba - A butterfly - Pinecco","description":"N\u00f6\u00f6riga punudes on v\u00f5imalik moodustada erinevaid mustreid. M\u00e4ng arendab peenmotoorikat, samuti loovust ja t\u00e4helepanu.","robots":{"index":"index","follow":"follow","max-snippet":"max-snippet:-1","max-image-preview":"max-image-preview:large","max-video-preview":"max-video-preview:-1"},"canonical":"https:\/\/pinecco.com\/en\/product\/sadasaba-liblikas-2\/","og_locale":"en_US","og_type":"article","og_title":"Sadasaba - A butterfly - Pinecco","og_description":"N\u00f6\u00f6riga punudes on v\u00f5imalik moodustada erinevaid mustreid. M\u00e4ng arendab peenmotoorikat, samuti loovust ja t\u00e4helepanu.","og_url":"https:\/\/pinecco.com\/en\/product\/sadasaba-liblikas-2\/","og_site_name":"Pinecco","article_publisher":"https:\/\/www.facebook.com\/pineccodesign\/","og_image":[{"width":700,"height":700,"url":"https:\/\/pinecco.com\/wp-content\/uploads\/2022\/04\/IMG_73221.jpg","type":"image\/jpeg"}],"twitter_card":"summary_large_image","schema":{"@context":"https:\/\/schema.org","@graph":[{"@type":"WebPage","@id":"https:\/\/pinecco.com\/en\/product\/sadasaba-liblikas-2\/","url":"https:\/\/pinecco.com\/en\/product\/sadasaba-liblikas-2\/","name":"Sadasaba - A butterfly - Pinecco","isPartOf":{"@id":"https:\/\/pinecco.com\/#website"},"primaryImageOfPage":{"@id":"https:\/\/pinecco.com\/en\/product\/sadasaba-liblikas-2\/#primaryimage"},"image":{"@id":"https:\/\/pinecco.com\/en\/product\/sadasaba-liblikas-2\/#primaryimage"},"thumbnailUrl":"https:\/\/pinecco.com\/wp-content\/uploads\/2022\/04\/IMG_73221.jpg","datePublished":"2022-08-09T08:00:19+00:00","description":"N\u00f6\u00f6riga punudes on v\u00f5imalik moodustada erinevaid mustreid. M\u00e4ng arendab peenmotoorikat, samuti loovust ja t\u00e4helepanu.","breadcrumb":{"@id":"https:\/\/pinecco.com\/en\/product\/sadasaba-liblikas-2\/#breadcrumb"},"inLanguage":"en-US","potentialAction":[{"@type":"ReadAction","target":["https:\/\/pinecco.com\/en\/product\/sadasaba-liblikas-2\/"]}]},{"@type":"ImageObject","inLanguage":"en-US","@id":"https:\/\/pinecco.com\/en\/product\/sadasaba-liblikas-2\/#primaryimage","url":"https:\/\/pinecco.com\/wp-content\/uploads\/2022\/04\/IMG_73221.jpg","contentUrl":"https:\/\/pinecco.com\/wp-content\/uploads\/2022\/04\/IMG_73221.jpg","width":700,"height":700,"caption":"Sadasaba liblikas"},{"@type":"BreadcrumbList","@id":"https:\/\/pinecco.com\/en\/product\/sadasaba-liblikas-2\/#breadcrumb","itemListElement":[{"@type":"ListItem","position":1,"name":"Home","item":"https:\/\/pinecco.com\/"},{"@type":"ListItem","position":2,"name":"Pood","item":"https:\/\/pinecco.com\/pood\/"},{"@type":"ListItem","position":3,"name":"Sadasaba &#8211; A butterfly"}]},{"@type":"WebSite","@id":"https:\/\/pinecco.com\/#website","url":"https:\/\/pinecco.com\/","name":"Pinecco","description":"Pinecco e-pood","publisher":{"@id":"https:\/\/pinecco.com\/#organization"},"potentialAction":[{"@type":"SearchAction","target":{"@type":"EntryPoint","urlTemplate":"https:\/\/pinecco.com\/?s={search_term_string}"},"query-input":{"@type":"PropertyValueSpecification","valueRequired":true,"valueName":"search_term_string"}}],"inLanguage":"en-US"},{"@type":"Organization","@id":"https:\/\/pinecco.com\/#organization","name":"Pinecco O\u00dc","url":"https:\/\/pinecco.com\/","logo":{"@type":"ImageObject","inLanguage":"en-US","@id":"https:\/\/pinecco.com\/#\/schema\/logo\/image\/","url":"https:\/\/pinecco.com\/wp-content\/uploads\/2020\/08\/Untitled-7.png","contentUrl":"https:\/\/pinecco.com\/wp-content\/uploads\/2020\/08\/Untitled-7.png","width":500,"height":220,"caption":"Pinecco O\u00dc"},"image":{"@id":"https:\/\/pinecco.com\/#\/schema\/logo\/image\/"},"sameAs":["https:\/\/www.facebook.com\/pineccodesign\/","https:\/\/www.instagram.com\/pineccodesign\/"]}]}},"_links":{"self":[{"href":"https:\/\/pinecco.com\/en\/wp-json\/wp\/v2\/product\/11402","targetHints":{"allow":["GET"]}}],"collection":[{"href":"https:\/\/pinecco.com\/en\/wp-json\/wp\/v2\/product"}],"about":[{"href":"https:\/\/pinecco.com\/en\/wp-json\/wp\/v2\/types\/product"}],"wp:featuredmedia":[{"embeddable":true,"href":"https:\/\/pinecco.com\/en\/wp-json\/wp\/v2\/media\/10880"}],"wp:attachment":[{"href":"https:\/\/pinecco.com\/en\/wp-json\/wp\/v2\/media?parent=11402"}],"wp:term":[{"taxonomy":"product_brand","embeddable":true,"href":"https:\/\/pinecco.com\/en\/wp-json\/wp\/v2\/product_brand?post=11402"},{"taxonomy":"product_cat","embeddable":true,"href":"https:\/\/pinecco.com\/en\/wp-json\/wp\/v2\/product_cat?post=11402"},{"taxonomy":"product_tag","embeddable":true,"href":"https:\/\/pinecco.com\/en\/wp-json\/wp\/v2\/product_tag?post=11402"}],"curies":[{"name":"wp","href":"https:\/\/api.w.org\/{rel}","templated":true}]}}