{"id":11401,"date":"2022-04-25T12:56:25","date_gmt":"2022-08-09T07:59:17","guid":{"rendered":"https:\/\/pinecco.com\/toode\/a-set-of-sadasabad\/"},"modified":"2022-08-09T10:59:17","modified_gmt":"2022-08-09T07:59:17","slug":"sadasabade-komplekt-2","status":"publish","type":"product","link":"https:\/\/pinecco.com\/en\/product\/sadasabade-komplekt-2\/","title":{"rendered":"A set of Sadasabad"},"content":{"rendered":"<p>Sadasaba on k\u00e4elist tegevust ehk peenmotoorikat arendav punumism\u00e4ng. Laps saab v\u00e4rviliste paeltega punuda kujunditele erinevaid huvitavaid mustreid. Arendab silma ja k\u00e4e koost\u00f6\u00f6d, loovust ja peenmotoorikat, mis on olulised lapse t\u00e4helepanu, m\u00e4lu, m\u00f5tlemise, ruumilise taju, koordinatsiooni, kujutlusv\u00f5ime ja k\u00f5ne arengus. Edaspidi aitab see paremini riietuda, joonistada ja kirjutada. Rahvuslike ornamentide kaudu teeb laps tutvust ka Eesti rahvakultuuriga.<\/p>\n<p>Sadasabaga on tore m\u00e4ngida n\u00e4iteks reisimisel auto v\u00f5i lennukiga, kohvikus toitu oodates ja arsti kabineti ukse taga. M\u00e4ng on piisavalt v\u00e4ike, et mahtuda k\u00e4ekotti v\u00f5i lapse seljakotti.<\/p>\n<p>Komplektis on 4 kujundit ja 8 v\u00e4rvilist paela. Vali soovitud kujundid komplekti allolevate \u00fcksikute Sadasabade seast.<\/p>\n<p>Kujundi suurus 10-15cm.<\/p>\n<p>M\u00e4nguasja valmistamisel on kasutatud looduslikke materjale.<\/p>\n","protected":false},"excerpt":{"rendered":"<p>Sadasaba on k\u00e4elist tegevust ehk peenmotoorikat arendav punumism\u00e4ng. Laps saab v\u00e4rviliste paeltega punuda kujunditele erinevaid huvitavaid mustreid. Arendab silma ja k\u00e4e koost\u00f6\u00f6d, loovust  [&#8230;]<\/p>\n","protected":false},"featured_media":10923,"template":"","meta":{"inline_featured_image":false},"product_brand":[],"product_cat":[431,424],"product_tag":[],"class_list":{"0":"post-11401","1":"product","2":"type-product","3":"status-publish","4":"has-post-thumbnail","6":"product_cat-vippa-products","7":"product_cat-wooden-products","9":"first","10":"instock","11":"taxable","12":"shipping-taxable","13":"purchasable","14":"product-type-simple"},"yoast_head":"<!-- This site is optimized with the Yoast SEO plugin v27.4 - https:\/\/yoast.com\/product\/yoast-seo-wordpress\/ -->\n<title>A set of Sadasabad - Pinecco<\/title>\n<meta name=\"description\" content=\"Sadasabaga on tore m\u00e4ngida n\u00e4iteks reisimisel auto v\u00f5i lennukiga, kohvikus toitu oodates ja arsti kabineti ukse taga.\" \/>\n<meta name=\"robots\" content=\"index, follow, max-snippet:-1, max-image-preview:large, max-video-preview:-1\" \/>\n<link rel=\"canonical\" href=\"https:\/\/pinecco.com\/en\/product\/a-set-of-sadasabad\/\" \/>\n<meta property=\"og:locale\" content=\"en_US\" \/>\n<meta property=\"og:type\" content=\"article\" \/>\n<meta property=\"og:title\" content=\"A set of Sadasabad - Pinecco\" \/>\n<meta property=\"og:description\" content=\"Sadasabaga on tore m\u00e4ngida n\u00e4iteks reisimisel auto v\u00f5i lennukiga, kohvikus toitu oodates ja arsti kabineti ukse taga.\" \/>\n<meta property=\"og:url\" content=\"https:\/\/pinecco.com\/en\/product\/a-set-of-sadasabad\/\" \/>\n<meta property=\"og:site_name\" content=\"Pinecco\" \/>\n<meta property=\"article:publisher\" content=\"https:\/\/www.facebook.com\/pineccodesign\/\" \/>\n<meta property=\"og:image\" content=\"https:\/\/pinecco.com\/wp-content\/uploads\/2022\/04\/IMG_73441.jpg\" \/>\n\t<meta property=\"og:image:width\" content=\"700\" \/>\n\t<meta property=\"og:image:height\" content=\"700\" \/>\n\t<meta property=\"og:image:type\" content=\"image\/jpeg\" \/>\n<meta name=\"twitter:card\" content=\"summary_large_image\" \/>\n<meta name=\"twitter:label1\" content=\"Est. reading time\" \/>\n\t<meta name=\"twitter:data1\" content=\"1 minute\" \/>\n<script type=\"application\/ld+json\" class=\"yoast-schema-graph\">{\"@context\":\"https:\\\/\\\/schema.org\",\"@graph\":[{\"@type\":\"WebPage\",\"@id\":\"https:\\\/\\\/pinecco.com\\\/en\\\/product\\\/a-set-of-sadasabad\\\/\",\"url\":\"https:\\\/\\\/pinecco.com\\\/en\\\/product\\\/a-set-of-sadasabad\\\/\",\"name\":\"A set of Sadasabad - Pinecco\",\"isPartOf\":{\"@id\":\"https:\\\/\\\/pinecco.com\\\/#website\"},\"primaryImageOfPage\":{\"@id\":\"https:\\\/\\\/pinecco.com\\\/en\\\/product\\\/a-set-of-sadasabad\\\/#primaryimage\"},\"image\":{\"@id\":\"https:\\\/\\\/pinecco.com\\\/en\\\/product\\\/a-set-of-sadasabad\\\/#primaryimage\"},\"thumbnailUrl\":\"https:\\\/\\\/pinecco.com\\\/wp-content\\\/uploads\\\/2022\\\/04\\\/IMG_73441.jpg\",\"datePublished\":\"2022-08-09T07:59:17+00:00\",\"description\":\"Sadasabaga on tore m\u00e4ngida n\u00e4iteks reisimisel auto v\u00f5i lennukiga, kohvikus toitu oodates ja arsti kabineti ukse taga.\",\"breadcrumb\":{\"@id\":\"https:\\\/\\\/pinecco.com\\\/en\\\/product\\\/a-set-of-sadasabad\\\/#breadcrumb\"},\"inLanguage\":\"en-US\",\"potentialAction\":[{\"@type\":\"ReadAction\",\"target\":[\"https:\\\/\\\/pinecco.com\\\/en\\\/product\\\/a-set-of-sadasabad\\\/\"]}]},{\"@type\":\"ImageObject\",\"inLanguage\":\"en-US\",\"@id\":\"https:\\\/\\\/pinecco.com\\\/en\\\/product\\\/a-set-of-sadasabad\\\/#primaryimage\",\"url\":\"https:\\\/\\\/pinecco.com\\\/wp-content\\\/uploads\\\/2022\\\/04\\\/IMG_73441.jpg\",\"contentUrl\":\"https:\\\/\\\/pinecco.com\\\/wp-content\\\/uploads\\\/2022\\\/04\\\/IMG_73441.jpg\",\"width\":700,\"height\":700,\"caption\":\"A set of Sadasabad\"},{\"@type\":\"BreadcrumbList\",\"@id\":\"https:\\\/\\\/pinecco.com\\\/en\\\/product\\\/a-set-of-sadasabad\\\/#breadcrumb\",\"itemListElement\":[{\"@type\":\"ListItem\",\"position\":1,\"name\":\"Home\",\"item\":\"https:\\\/\\\/pinecco.com\\\/\"},{\"@type\":\"ListItem\",\"position\":2,\"name\":\"Pood\",\"item\":\"https:\\\/\\\/pinecco.com\\\/pood\\\/\"},{\"@type\":\"ListItem\",\"position\":3,\"name\":\"A set of Sadasabad\"}]},{\"@type\":\"WebSite\",\"@id\":\"https:\\\/\\\/pinecco.com\\\/#website\",\"url\":\"https:\\\/\\\/pinecco.com\\\/\",\"name\":\"Pinecco\",\"description\":\"Pinecco e-pood\",\"publisher\":{\"@id\":\"https:\\\/\\\/pinecco.com\\\/#organization\"},\"potentialAction\":[{\"@type\":\"SearchAction\",\"target\":{\"@type\":\"EntryPoint\",\"urlTemplate\":\"https:\\\/\\\/pinecco.com\\\/?s={search_term_string}\"},\"query-input\":{\"@type\":\"PropertyValueSpecification\",\"valueRequired\":true,\"valueName\":\"search_term_string\"}}],\"inLanguage\":\"en-US\"},{\"@type\":\"Organization\",\"@id\":\"https:\\\/\\\/pinecco.com\\\/#organization\",\"name\":\"Pinecco O\u00dc\",\"url\":\"https:\\\/\\\/pinecco.com\\\/\",\"logo\":{\"@type\":\"ImageObject\",\"inLanguage\":\"en-US\",\"@id\":\"https:\\\/\\\/pinecco.com\\\/#\\\/schema\\\/logo\\\/image\\\/\",\"url\":\"https:\\\/\\\/pinecco.com\\\/wp-content\\\/uploads\\\/2020\\\/08\\\/Untitled-7.png\",\"contentUrl\":\"https:\\\/\\\/pinecco.com\\\/wp-content\\\/uploads\\\/2020\\\/08\\\/Untitled-7.png\",\"width\":500,\"height\":220,\"caption\":\"Pinecco O\u00dc\"},\"image\":{\"@id\":\"https:\\\/\\\/pinecco.com\\\/#\\\/schema\\\/logo\\\/image\\\/\"},\"sameAs\":[\"https:\\\/\\\/www.facebook.com\\\/pineccodesign\\\/\",\"https:\\\/\\\/www.instagram.com\\\/pineccodesign\\\/\"]}]}<\/script>\n<!-- \/ Yoast SEO plugin. -->","yoast_head_json":{"title":"A set of Sadasabad - Pinecco","description":"Sadasabaga on tore m\u00e4ngida n\u00e4iteks reisimisel auto v\u00f5i lennukiga, kohvikus toitu oodates ja arsti kabineti ukse taga.","robots":{"index":"index","follow":"follow","max-snippet":"max-snippet:-1","max-image-preview":"max-image-preview:large","max-video-preview":"max-video-preview:-1"},"canonical":"https:\/\/pinecco.com\/en\/product\/a-set-of-sadasabad\/","og_locale":"en_US","og_type":"article","og_title":"A set of Sadasabad - Pinecco","og_description":"Sadasabaga on tore m\u00e4ngida n\u00e4iteks reisimisel auto v\u00f5i lennukiga, kohvikus toitu oodates ja arsti kabineti ukse taga.","og_url":"https:\/\/pinecco.com\/en\/product\/a-set-of-sadasabad\/","og_site_name":"Pinecco","article_publisher":"https:\/\/www.facebook.com\/pineccodesign\/","og_image":[{"width":700,"height":700,"url":"https:\/\/pinecco.com\/wp-content\/uploads\/2022\/04\/IMG_73441.jpg","type":"image\/jpeg"}],"twitter_card":"summary_large_image","twitter_misc":{"Est. reading time":"1 minute"},"schema":{"@context":"https:\/\/schema.org","@graph":[{"@type":"WebPage","@id":"https:\/\/pinecco.com\/en\/product\/a-set-of-sadasabad\/","url":"https:\/\/pinecco.com\/en\/product\/a-set-of-sadasabad\/","name":"A set of Sadasabad - Pinecco","isPartOf":{"@id":"https:\/\/pinecco.com\/#website"},"primaryImageOfPage":{"@id":"https:\/\/pinecco.com\/en\/product\/a-set-of-sadasabad\/#primaryimage"},"image":{"@id":"https:\/\/pinecco.com\/en\/product\/a-set-of-sadasabad\/#primaryimage"},"thumbnailUrl":"https:\/\/pinecco.com\/wp-content\/uploads\/2022\/04\/IMG_73441.jpg","datePublished":"2022-08-09T07:59:17+00:00","description":"Sadasabaga on tore m\u00e4ngida n\u00e4iteks reisimisel auto v\u00f5i lennukiga, kohvikus toitu oodates ja arsti kabineti ukse taga.","breadcrumb":{"@id":"https:\/\/pinecco.com\/en\/product\/a-set-of-sadasabad\/#breadcrumb"},"inLanguage":"en-US","potentialAction":[{"@type":"ReadAction","target":["https:\/\/pinecco.com\/en\/product\/a-set-of-sadasabad\/"]}]},{"@type":"ImageObject","inLanguage":"en-US","@id":"https:\/\/pinecco.com\/en\/product\/a-set-of-sadasabad\/#primaryimage","url":"https:\/\/pinecco.com\/wp-content\/uploads\/2022\/04\/IMG_73441.jpg","contentUrl":"https:\/\/pinecco.com\/wp-content\/uploads\/2022\/04\/IMG_73441.jpg","width":700,"height":700,"caption":"A set of Sadasabad"},{"@type":"BreadcrumbList","@id":"https:\/\/pinecco.com\/en\/product\/a-set-of-sadasabad\/#breadcrumb","itemListElement":[{"@type":"ListItem","position":1,"name":"Home","item":"https:\/\/pinecco.com\/"},{"@type":"ListItem","position":2,"name":"Pood","item":"https:\/\/pinecco.com\/pood\/"},{"@type":"ListItem","position":3,"name":"A set of Sadasabad"}]},{"@type":"WebSite","@id":"https:\/\/pinecco.com\/#website","url":"https:\/\/pinecco.com\/","name":"Pinecco","description":"Pinecco e-pood","publisher":{"@id":"https:\/\/pinecco.com\/#organization"},"potentialAction":[{"@type":"SearchAction","target":{"@type":"EntryPoint","urlTemplate":"https:\/\/pinecco.com\/?s={search_term_string}"},"query-input":{"@type":"PropertyValueSpecification","valueRequired":true,"valueName":"search_term_string"}}],"inLanguage":"en-US"},{"@type":"Organization","@id":"https:\/\/pinecco.com\/#organization","name":"Pinecco O\u00dc","url":"https:\/\/pinecco.com\/","logo":{"@type":"ImageObject","inLanguage":"en-US","@id":"https:\/\/pinecco.com\/#\/schema\/logo\/image\/","url":"https:\/\/pinecco.com\/wp-content\/uploads\/2020\/08\/Untitled-7.png","contentUrl":"https:\/\/pinecco.com\/wp-content\/uploads\/2020\/08\/Untitled-7.png","width":500,"height":220,"caption":"Pinecco O\u00dc"},"image":{"@id":"https:\/\/pinecco.com\/#\/schema\/logo\/image\/"},"sameAs":["https:\/\/www.facebook.com\/pineccodesign\/","https:\/\/www.instagram.com\/pineccodesign\/"]}]}},"_links":{"self":[{"href":"https:\/\/pinecco.com\/en\/wp-json\/wp\/v2\/product\/11401","targetHints":{"allow":["GET"]}}],"collection":[{"href":"https:\/\/pinecco.com\/en\/wp-json\/wp\/v2\/product"}],"about":[{"href":"https:\/\/pinecco.com\/en\/wp-json\/wp\/v2\/types\/product"}],"wp:featuredmedia":[{"embeddable":true,"href":"https:\/\/pinecco.com\/en\/wp-json\/wp\/v2\/media\/10923"}],"wp:attachment":[{"href":"https:\/\/pinecco.com\/en\/wp-json\/wp\/v2\/media?parent=11401"}],"wp:term":[{"taxonomy":"product_brand","embeddable":true,"href":"https:\/\/pinecco.com\/en\/wp-json\/wp\/v2\/product_brand?post=11401"},{"taxonomy":"product_cat","embeddable":true,"href":"https:\/\/pinecco.com\/en\/wp-json\/wp\/v2\/product_cat?post=11401"},{"taxonomy":"product_tag","embeddable":true,"href":"https:\/\/pinecco.com\/en\/wp-json\/wp\/v2\/product_tag?post=11401"}],"curies":[{"name":"wp","href":"https:\/\/api.w.org\/{rel}","templated":true}]}}