{"id":11400,"date":"2022-04-25T13:08:36","date_gmt":"2022-08-09T07:57:02","guid":{"rendered":"https:\/\/pinecco.com\/toode\/folktale-cards\/"},"modified":"2022-08-09T10:57:02","modified_gmt":"2022-08-09T07:57:02","slug":"rahvajutukaardid-2","status":"publish","type":"product","link":"https:\/\/pinecco.com\/en\/product\/rahvajutukaardid-2\/","title":{"rendered":"Folktale cards"},"content":{"rendered":"<p>Kaardid sobivad nii \u00f5ppevahendiks kui ka m\u00f5nusaks kaaslaseks reisil v\u00f5i pimedatel pikkadel talve\u00f5htutel m\u00e4ngimiseks.<\/p>\n<p><strong>Kuidas m\u00e4ngida?<\/strong><\/p>\n<p>M\u00e4ng annab tuhandeid p\u00f5nevaid jutte. M\u00e4ngida v\u00f5ib kas omaette v\u00f5i koos s\u00f5pradega. M\u00e4ngus pole valesid vastuseid ega kohustust r\u00e4\u00e4kida rahvajuttu nii, nagu on raamatus. Kaartide eesm\u00e4rk on lasta piltidel kujutlusv\u00f5ime t\u00f6\u00f6le panna ja veeta perega l\u00f5busalt aega. Loo r\u00e4\u00e4kimist v\u00f5ib alustada n\u00e4iteks lausega \u201cElas kord \u2026\u201d v\u00f5i \u201cEnnemuiste \u2026\u201d. M\u00f5tle enda v\u00e4lja m\u00f5eldud rahvajutule kindlasti ka meeldej\u00e4\u00e4v ja \u00f5petlik l\u00f5pp.<\/p>\n<p><em>Variant 1<\/em><\/p>\n<p>M\u00e4ngus osaleb 1 v\u00f5i rohkem m\u00e4ngijat. Osalejad valivad endale 5\u20126 just sellist m\u00e4ngukaarti, mis neile k\u00f5ige enam meeldivad. Kaartide j\u00e4rjekord otsustatakse endale sobival viisil ja jutu r\u00e4\u00e4kimist alustatakse sellest pildist, mis tundub k\u00f5ige sobivam olevat.<\/p>\n<p><em>Variant 2<\/em><\/p>\n<p>M\u00e4ngus osaleb 2\u20126 m\u00e4ngijat. Kaardid keeratakse lauale tagurpidi ja osalejad valivad endale kuni 4 juhuslikku kaarti. Kaartide v\u00f5tmine toimub \u00fchekaupa ja j\u00e4rgem\u00f6\u00f6da. Kaardid v\u00f5ib avada kohe, kuid jutu r\u00e4\u00e4kimine algab esimesest valitud pildist.<\/p>\n<p><em>Variant 3<\/em><\/p>\n<p>M\u00e4ngus osaleb 3 v\u00f5i enam m\u00e4ngijat. Kaardid keeratakse lauale tagurpidi, esimene m\u00e4ngija v\u00f5tab \u00fche juhusliku kaardi, keerab selle pildiga \u00fclespoole ja alustab jutuvestmist. Tema j\u00e4rel valib teine m\u00e4ngija omale kaardi ja j\u00e4tkab sama loo jutustamist, kuni k\u00f5ik m\u00e4ngus osalejad on saanud s\u00f5na. Eesm\u00e4rgiks on r\u00e4\u00e4kida koos \u00fcks pikk omavahel seotud jutt.<\/p>\n<p>N\u00fc\u00fcd v\u00f5id oma kaasm\u00e4ngijatele v\u00e4ljakutse esitada. Selleks j\u00e4tkake kaartide v\u00f5tmist ja loo pikemaks r\u00e4\u00e4kimist. M\u00e4ng l\u00f5ppeb siis, kui kaardid saavad otsa v\u00f5i kui \u00fcks m\u00e4ngijatest ei suuda enam juttu j\u00e4tkata.<\/p>\n<p>Ammustel aegadel p\u00fc\u00fcdsid inimesed rahvajuttude kaudu maailma seletada ja m\u00f5ista, aga ka mitmesuguste ohtude eest hoiatada. Paljud n\u00e4htused j\u00e4id tolle aja inimestele m\u00f5istetamatuks ja nii tulidki m\u00e4ngu n\u00e4kid, haldjad, kratid ja muud salap\u00e4rased olendid, keda t\u00f5simeeli usuti. Vanad rahvajutud levisid suust suhu ja paigast paika, muutusid ja teisenesid. Soovime, et ka meie lapsed laseksid oma fantaasia lendu, m\u00f5tleks v\u00e4lja vahvaid ja \u00f5petlikke lugusid salap\u00e4rastest tegelastest ning p\u00f5nevatest juhtumistest, et aidata sellega alles hoida eesti rahvap\u00e4rimusest tekkinud lugusid.<\/p>\n","protected":false},"excerpt":{"rendered":"<p>Vippa jutukaartide m\u00e4ngus on 41 pildiga kaarti, millel on kujutatud eesti rahvajuttudest enim esinevad tegelased ja s\u00fcmbolid ning tolle aja olustikud ja n\u00e4htused. Kaardi serva on tr\u00fckit\u00e4htedes lisatud tegelase v\u00f5i s\u00fcmboli nimi\/nimetus, et tutvustada lastele eesti rahvajuttudes esinevaid kangelasi ja juhatada teed vanarahva igap\u00e4evaste tarbeesemete maailma. Nii m\u00f5nelgi pildil on kujutatud koos mitut tegelast v\u00f5i s\u00fcndmust.<\/p>\n<p>Jutukaardid ergutavad m\u00e4ngijate fantaasiat, v\u00e4ljendus- ja lugemisoskust ning koos m\u00e4ngides tugevneb t\u00e4iskasvanu ja lapse vaheline side ning teineteisem\u00f5istmine.<\/p>\n<p>M\u00e4ngijate arv: 1+\u2026<\/p>\n<p>M\u00e4ngu kestvus: 5min-\u2026<\/p>\n<p>Kaartide seletusi n\u00e4eb inforaamatust: <a href=\"https:\/\/pinecco.com\/wp-content\/uploads\/2022\/04\/Rahvajutukaardid-infoleht-kodukale.pdf\">Kaartide seletused<\/a><\/p>\n","protected":false},"featured_media":10936,"template":"","meta":{"inline_featured_image":false},"product_brand":[],"product_cat":[431],"product_tag":[],"class_list":{"0":"post-11400","1":"product","2":"type-product","3":"status-publish","4":"has-post-thumbnail","6":"product_cat-vippa-products","8":"first","9":"instock","10":"taxable","11":"shipping-taxable","12":"purchasable","13":"product-type-simple"},"yoast_head":"<!-- This site is optimized with the Yoast SEO plugin v27.3 - https:\/\/yoast.com\/product\/yoast-seo-wordpress\/ -->\n<title>Folktale cards - Pinecco<\/title>\n<meta name=\"description\" content=\"m\u00e4ngus on 41 pildiga kaarti, millel on kujutatud eesti rahvajuttudest esinevad tegelased ja s\u00fcmbolid ning tolle aja olustikud ja n\u00e4htused.\" \/>\n<meta name=\"robots\" content=\"index, follow, max-snippet:-1, max-image-preview:large, max-video-preview:-1\" \/>\n<link rel=\"canonical\" href=\"https:\/\/pinecco.com\/en\/product\/folktale-cards\/\" \/>\n<meta property=\"og:locale\" content=\"en_US\" \/>\n<meta property=\"og:type\" content=\"article\" \/>\n<meta property=\"og:title\" content=\"Folktale cards - Pinecco\" \/>\n<meta property=\"og:description\" content=\"m\u00e4ngus on 41 pildiga kaarti, millel on kujutatud eesti rahvajuttudest esinevad tegelased ja s\u00fcmbolid ning tolle aja olustikud ja n\u00e4htused.\" \/>\n<meta property=\"og:url\" content=\"https:\/\/pinecco.com\/en\/product\/folktale-cards\/\" \/>\n<meta property=\"og:site_name\" content=\"Pinecco\" \/>\n<meta property=\"article:publisher\" content=\"https:\/\/www.facebook.com\/pineccodesign\/\" \/>\n<meta property=\"og:image\" content=\"https:\/\/pinecco.com\/wp-content\/uploads\/2022\/04\/Rahvajutukaardid2.jpg\" \/>\n\t<meta property=\"og:image:width\" content=\"700\" \/>\n\t<meta property=\"og:image:height\" content=\"700\" \/>\n\t<meta property=\"og:image:type\" content=\"image\/jpeg\" \/>\n<meta name=\"twitter:card\" content=\"summary_large_image\" \/>\n<meta name=\"twitter:label1\" content=\"Est. reading time\" \/>\n\t<meta name=\"twitter:data1\" content=\"2 minutes\" \/>\n<script type=\"application\/ld+json\" class=\"yoast-schema-graph\">{\"@context\":\"https:\\\/\\\/schema.org\",\"@graph\":[{\"@type\":\"WebPage\",\"@id\":\"https:\\\/\\\/pinecco.com\\\/en\\\/product\\\/folktale-cards\\\/\",\"url\":\"https:\\\/\\\/pinecco.com\\\/en\\\/product\\\/folktale-cards\\\/\",\"name\":\"Folktale cards - Pinecco\",\"isPartOf\":{\"@id\":\"https:\\\/\\\/pinecco.com\\\/#website\"},\"primaryImageOfPage\":{\"@id\":\"https:\\\/\\\/pinecco.com\\\/en\\\/product\\\/folktale-cards\\\/#primaryimage\"},\"image\":{\"@id\":\"https:\\\/\\\/pinecco.com\\\/en\\\/product\\\/folktale-cards\\\/#primaryimage\"},\"thumbnailUrl\":\"https:\\\/\\\/pinecco.com\\\/wp-content\\\/uploads\\\/2022\\\/04\\\/Rahvajutukaardid2.jpg\",\"datePublished\":\"2022-08-09T07:57:02+00:00\",\"description\":\"m\u00e4ngus on 41 pildiga kaarti, millel on kujutatud eesti rahvajuttudest esinevad tegelased ja s\u00fcmbolid ning tolle aja olustikud ja n\u00e4htused.\",\"breadcrumb\":{\"@id\":\"https:\\\/\\\/pinecco.com\\\/en\\\/product\\\/folktale-cards\\\/#breadcrumb\"},\"inLanguage\":\"en-US\",\"potentialAction\":[{\"@type\":\"ReadAction\",\"target\":[\"https:\\\/\\\/pinecco.com\\\/en\\\/product\\\/folktale-cards\\\/\"]}]},{\"@type\":\"ImageObject\",\"inLanguage\":\"en-US\",\"@id\":\"https:\\\/\\\/pinecco.com\\\/en\\\/product\\\/folktale-cards\\\/#primaryimage\",\"url\":\"https:\\\/\\\/pinecco.com\\\/wp-content\\\/uploads\\\/2022\\\/04\\\/Rahvajutukaardid2.jpg\",\"contentUrl\":\"https:\\\/\\\/pinecco.com\\\/wp-content\\\/uploads\\\/2022\\\/04\\\/Rahvajutukaardid2.jpg\",\"width\":700,\"height\":700,\"caption\":\"Folktale cards\"},{\"@type\":\"BreadcrumbList\",\"@id\":\"https:\\\/\\\/pinecco.com\\\/en\\\/product\\\/folktale-cards\\\/#breadcrumb\",\"itemListElement\":[{\"@type\":\"ListItem\",\"position\":1,\"name\":\"Home\",\"item\":\"https:\\\/\\\/pinecco.com\\\/\"},{\"@type\":\"ListItem\",\"position\":2,\"name\":\"Pood\",\"item\":\"https:\\\/\\\/pinecco.com\\\/pood\\\/\"},{\"@type\":\"ListItem\",\"position\":3,\"name\":\"Folktale cards\"}]},{\"@type\":\"WebSite\",\"@id\":\"https:\\\/\\\/pinecco.com\\\/#website\",\"url\":\"https:\\\/\\\/pinecco.com\\\/\",\"name\":\"Pinecco\",\"description\":\"Pinecco e-pood\",\"publisher\":{\"@id\":\"https:\\\/\\\/pinecco.com\\\/#organization\"},\"potentialAction\":[{\"@type\":\"SearchAction\",\"target\":{\"@type\":\"EntryPoint\",\"urlTemplate\":\"https:\\\/\\\/pinecco.com\\\/?s={search_term_string}\"},\"query-input\":{\"@type\":\"PropertyValueSpecification\",\"valueRequired\":true,\"valueName\":\"search_term_string\"}}],\"inLanguage\":\"en-US\"},{\"@type\":\"Organization\",\"@id\":\"https:\\\/\\\/pinecco.com\\\/#organization\",\"name\":\"Pinecco O\u00dc\",\"url\":\"https:\\\/\\\/pinecco.com\\\/\",\"logo\":{\"@type\":\"ImageObject\",\"inLanguage\":\"en-US\",\"@id\":\"https:\\\/\\\/pinecco.com\\\/#\\\/schema\\\/logo\\\/image\\\/\",\"url\":\"https:\\\/\\\/pinecco.com\\\/wp-content\\\/uploads\\\/2020\\\/08\\\/Untitled-7.png\",\"contentUrl\":\"https:\\\/\\\/pinecco.com\\\/wp-content\\\/uploads\\\/2020\\\/08\\\/Untitled-7.png\",\"width\":500,\"height\":220,\"caption\":\"Pinecco O\u00dc\"},\"image\":{\"@id\":\"https:\\\/\\\/pinecco.com\\\/#\\\/schema\\\/logo\\\/image\\\/\"},\"sameAs\":[\"https:\\\/\\\/www.facebook.com\\\/pineccodesign\\\/\",\"https:\\\/\\\/www.instagram.com\\\/pineccodesign\\\/\"]}]}<\/script>\n<!-- \/ Yoast SEO plugin. -->","yoast_head_json":{"title":"Folktale cards - Pinecco","description":"m\u00e4ngus on 41 pildiga kaarti, millel on kujutatud eesti rahvajuttudest esinevad tegelased ja s\u00fcmbolid ning tolle aja olustikud ja n\u00e4htused.","robots":{"index":"index","follow":"follow","max-snippet":"max-snippet:-1","max-image-preview":"max-image-preview:large","max-video-preview":"max-video-preview:-1"},"canonical":"https:\/\/pinecco.com\/en\/product\/folktale-cards\/","og_locale":"en_US","og_type":"article","og_title":"Folktale cards - Pinecco","og_description":"m\u00e4ngus on 41 pildiga kaarti, millel on kujutatud eesti rahvajuttudest esinevad tegelased ja s\u00fcmbolid ning tolle aja olustikud ja n\u00e4htused.","og_url":"https:\/\/pinecco.com\/en\/product\/folktale-cards\/","og_site_name":"Pinecco","article_publisher":"https:\/\/www.facebook.com\/pineccodesign\/","og_image":[{"width":700,"height":700,"url":"https:\/\/pinecco.com\/wp-content\/uploads\/2022\/04\/Rahvajutukaardid2.jpg","type":"image\/jpeg"}],"twitter_card":"summary_large_image","twitter_misc":{"Est. reading time":"2 minutes"},"schema":{"@context":"https:\/\/schema.org","@graph":[{"@type":"WebPage","@id":"https:\/\/pinecco.com\/en\/product\/folktale-cards\/","url":"https:\/\/pinecco.com\/en\/product\/folktale-cards\/","name":"Folktale cards - Pinecco","isPartOf":{"@id":"https:\/\/pinecco.com\/#website"},"primaryImageOfPage":{"@id":"https:\/\/pinecco.com\/en\/product\/folktale-cards\/#primaryimage"},"image":{"@id":"https:\/\/pinecco.com\/en\/product\/folktale-cards\/#primaryimage"},"thumbnailUrl":"https:\/\/pinecco.com\/wp-content\/uploads\/2022\/04\/Rahvajutukaardid2.jpg","datePublished":"2022-08-09T07:57:02+00:00","description":"m\u00e4ngus on 41 pildiga kaarti, millel on kujutatud eesti rahvajuttudest esinevad tegelased ja s\u00fcmbolid ning tolle aja olustikud ja n\u00e4htused.","breadcrumb":{"@id":"https:\/\/pinecco.com\/en\/product\/folktale-cards\/#breadcrumb"},"inLanguage":"en-US","potentialAction":[{"@type":"ReadAction","target":["https:\/\/pinecco.com\/en\/product\/folktale-cards\/"]}]},{"@type":"ImageObject","inLanguage":"en-US","@id":"https:\/\/pinecco.com\/en\/product\/folktale-cards\/#primaryimage","url":"https:\/\/pinecco.com\/wp-content\/uploads\/2022\/04\/Rahvajutukaardid2.jpg","contentUrl":"https:\/\/pinecco.com\/wp-content\/uploads\/2022\/04\/Rahvajutukaardid2.jpg","width":700,"height":700,"caption":"Folktale cards"},{"@type":"BreadcrumbList","@id":"https:\/\/pinecco.com\/en\/product\/folktale-cards\/#breadcrumb","itemListElement":[{"@type":"ListItem","position":1,"name":"Home","item":"https:\/\/pinecco.com\/"},{"@type":"ListItem","position":2,"name":"Pood","item":"https:\/\/pinecco.com\/pood\/"},{"@type":"ListItem","position":3,"name":"Folktale cards"}]},{"@type":"WebSite","@id":"https:\/\/pinecco.com\/#website","url":"https:\/\/pinecco.com\/","name":"Pinecco","description":"Pinecco e-pood","publisher":{"@id":"https:\/\/pinecco.com\/#organization"},"potentialAction":[{"@type":"SearchAction","target":{"@type":"EntryPoint","urlTemplate":"https:\/\/pinecco.com\/?s={search_term_string}"},"query-input":{"@type":"PropertyValueSpecification","valueRequired":true,"valueName":"search_term_string"}}],"inLanguage":"en-US"},{"@type":"Organization","@id":"https:\/\/pinecco.com\/#organization","name":"Pinecco O\u00dc","url":"https:\/\/pinecco.com\/","logo":{"@type":"ImageObject","inLanguage":"en-US","@id":"https:\/\/pinecco.com\/#\/schema\/logo\/image\/","url":"https:\/\/pinecco.com\/wp-content\/uploads\/2020\/08\/Untitled-7.png","contentUrl":"https:\/\/pinecco.com\/wp-content\/uploads\/2020\/08\/Untitled-7.png","width":500,"height":220,"caption":"Pinecco O\u00dc"},"image":{"@id":"https:\/\/pinecco.com\/#\/schema\/logo\/image\/"},"sameAs":["https:\/\/www.facebook.com\/pineccodesign\/","https:\/\/www.instagram.com\/pineccodesign\/"]}]}},"_links":{"self":[{"href":"https:\/\/pinecco.com\/en\/wp-json\/wp\/v2\/product\/11400","targetHints":{"allow":["GET"]}}],"collection":[{"href":"https:\/\/pinecco.com\/en\/wp-json\/wp\/v2\/product"}],"about":[{"href":"https:\/\/pinecco.com\/en\/wp-json\/wp\/v2\/types\/product"}],"wp:featuredmedia":[{"embeddable":true,"href":"https:\/\/pinecco.com\/en\/wp-json\/wp\/v2\/media\/10936"}],"wp:attachment":[{"href":"https:\/\/pinecco.com\/en\/wp-json\/wp\/v2\/media?parent=11400"}],"wp:term":[{"taxonomy":"product_brand","embeddable":true,"href":"https:\/\/pinecco.com\/en\/wp-json\/wp\/v2\/product_brand?post=11400"},{"taxonomy":"product_cat","embeddable":true,"href":"https:\/\/pinecco.com\/en\/wp-json\/wp\/v2\/product_cat?post=11400"},{"taxonomy":"product_tag","embeddable":true,"href":"https:\/\/pinecco.com\/en\/wp-json\/wp\/v2\/product_tag?post=11400"}],"curies":[{"name":"wp","href":"https:\/\/api.w.org\/{rel}","templated":true}]}}