{"id":11396,"date":"2022-04-25T14:25:10","date_gmt":"2022-08-09T07:36:04","guid":{"rendered":"https:\/\/pinecco.com\/toode\/set-of-coasters\/"},"modified":"2022-08-09T10:36:06","modified_gmt":"2022-08-09T07:36:06","slug":"tassialuste-komplekt","status":"publish","type":"product","link":"https:\/\/pinecco.com\/en\/product\/tassialuste-komplekt\/","title":{"rendered":"Set of coasters"},"content":{"rendered":"<p><b>L\u00e4hemalt motiividest:<\/b><\/p>\n<p><b>Silmusnelinurk<\/b> on looduse \u00fchtsuse t\u00e4his, maagilise hoiatuse, toetuse ja manala m\u00e4rk. M\u00e4rk, mida tehakse kaitseks kurja vastu. N\u00f5iam\u00e4rke joonistati, l\u00f5igati, p\u00f5letati v\u00f5i kanti m\u00f5nel muul viisil erinevatele esemetele. Silmusnelinurka kasutati Setu v\u00f6\u00f6del, L\u00f5una-Eesti tikandeis ja Muhu k\u00e4iste fileepitsides, naastmotiivis kirjamotiividega rahvavaipadel.<\/p>\n<p><b>R\u00f5ngasristi<\/b> peetakse aastaaegade ringlemist s\u00fcmboliseerivaks eluristiks, kus neli ristihaara t\u00e4histavad nelja ilmakaart. R\u00f5ngasristi v\u00f5ib m\u00f5ista ka kui elu- ja p\u00e4ikeseratast. See on \u00fcks tugevamaid maagilisi t\u00f5rje- ja kaitsem\u00e4rke. Rahvauskumuste kohaselt pakub ring juba iseenesest t\u00f5husat kaitset igasuguse paha vastu. Ringiga \u00fcmbritsemine t\u00e4hendas selle sisemusse j\u00e4\u00e4va koondamist ja kooshoidmist.<b> <\/b>Ristim\u00e4rgile on eestlased l\u00e4bi aegade omistanud erakordset v\u00e4ge ja v\u00f5imu.<\/p>\n<p><b>Roosi<\/b> motiivi p\u00e4ritolu kuulub keskaega. Lillede kuningannana oli roos Neitsi Maarja s\u00fcmboliks, t\u00e4histades andumust, kannatust ja vaikimist. Ka \u00f5ielehtede arv annab kujundile oma t\u00e4henduse. Nii on viielehelisel vaikimise, kuuelehelisel \u00fchtsuse, tasakaalu ja \u00f5nne, seitsmelehelisel p\u00fchaduse ja kaheksalehelisel taass\u00fcnni t\u00e4hendus. Roosi motiivil on tihe side s\u00f5\u00f5riga, mis s\u00fcmboliseeris universumit, k\u00f5iksust, l\u00f5pmatust, t\u00e4iuslikkust, korda ja harmooniat.<\/p>\n","protected":false},"excerpt":{"rendered":"<p>Kultuurip\u00e4randi aastast inspireeritud tassialused on kaunistatud killukestega eesti tikandist. Rahvuslikud ornamendid on alati eestlaste tarbeesemeid kaunistanud ja nii meie kultuuri ja rahvakunsti edasi kandnud. Vanad mustrid on taaselustatud t\u00e4nap\u00e4evastel vineerist tassialustel, mis on silmusnelinurga, r\u00f5ngasristi ja roosi kujulised. Neid, v\u00e4ega m\u00e4rke, on kasutatud kaitseks kurja eest ja loomaks korda endas ja enda \u00fcmber.<\/p>\n<p>Kodusoojust \u00f5hkavad alused on ilusad ja praktilised, hoides lauda v\u00f5i laudlina m\u00e4\u00e4rdumise ja kahjustuste eest. The set includes 6 coasters with three different patterns.<\/p>\n<p>To protect against dirt and moisture, the coasters are treated with linseed oil, which is natural and safe for nature.<\/p>\n<p>The diameter of the base is 9 cm and the thickness is 3 mm<\/p>\n","protected":false},"featured_media":11039,"template":"","meta":{"inline_featured_image":false},"product_brand":[],"product_cat":[373,431],"product_tag":[],"class_list":{"0":"post-11396","1":"product","2":"type-product","3":"status-publish","4":"has-post-thumbnail","6":"product_cat-coasters","7":"product_cat-vippa-products","9":"first","10":"instock","11":"taxable","12":"shipping-taxable","13":"purchasable","14":"product-type-simple"},"yoast_head":"<!-- This site is optimized with the Yoast SEO plugin v27.3 - https:\/\/yoast.com\/product\/yoast-seo-wordpress\/ -->\n<title>Set of coasters - Pinecco<\/title>\n<meta name=\"description\" content=\"Vanad mustrid on taaselustatud t\u00e4nap\u00e4evastel vineerist tassialustel, mis on silmusnelinurga, r\u00f5ngasristi ja roosi kujulised.\" \/>\n<meta name=\"robots\" content=\"index, follow, max-snippet:-1, max-image-preview:large, max-video-preview:-1\" \/>\n<link rel=\"canonical\" href=\"https:\/\/pinecco.com\/en\/product\/tassialuste-komplekt\/\" \/>\n<meta property=\"og:locale\" content=\"en_US\" \/>\n<meta property=\"og:type\" content=\"article\" \/>\n<meta property=\"og:title\" content=\"Set of coasters - Pinecco\" \/>\n<meta property=\"og:description\" content=\"Vanad mustrid on taaselustatud t\u00e4nap\u00e4evastel vineerist tassialustel, mis on silmusnelinurga, r\u00f5ngasristi ja roosi kujulised.\" \/>\n<meta property=\"og:url\" content=\"https:\/\/pinecco.com\/en\/product\/tassialuste-komplekt\/\" \/>\n<meta property=\"og:site_name\" content=\"Pinecco\" \/>\n<meta property=\"article:publisher\" content=\"https:\/\/www.facebook.com\/pineccodesign\/\" \/>\n<meta property=\"article:modified_time\" content=\"2022-08-09T07:36:06+00:00\" \/>\n<meta property=\"og:image\" content=\"https:\/\/pinecco.com\/wp-content\/uploads\/2022\/04\/Tassialused-etno.jpg\" \/>\n\t<meta property=\"og:image:width\" content=\"600\" \/>\n\t<meta property=\"og:image:height\" content=\"600\" \/>\n\t<meta property=\"og:image:type\" content=\"image\/jpeg\" \/>\n<meta name=\"twitter:card\" content=\"summary_large_image\" \/>\n<meta name=\"twitter:label1\" content=\"Est. reading time\" \/>\n\t<meta name=\"twitter:data1\" content=\"1 minute\" \/>\n<script type=\"application\/ld+json\" class=\"yoast-schema-graph\">{\"@context\":\"https:\\\/\\\/schema.org\",\"@graph\":[{\"@type\":\"WebPage\",\"@id\":\"https:\\\/\\\/pinecco.com\\\/en\\\/product\\\/tassialuste-komplekt\\\/\",\"url\":\"https:\\\/\\\/pinecco.com\\\/en\\\/product\\\/tassialuste-komplekt\\\/\",\"name\":\"Set of coasters - Pinecco\",\"isPartOf\":{\"@id\":\"https:\\\/\\\/pinecco.com\\\/#website\"},\"primaryImageOfPage\":{\"@id\":\"https:\\\/\\\/pinecco.com\\\/en\\\/product\\\/tassialuste-komplekt\\\/#primaryimage\"},\"image\":{\"@id\":\"https:\\\/\\\/pinecco.com\\\/en\\\/product\\\/tassialuste-komplekt\\\/#primaryimage\"},\"thumbnailUrl\":\"https:\\\/\\\/pinecco.com\\\/wp-content\\\/uploads\\\/2022\\\/04\\\/Tassialused-etno.jpg\",\"datePublished\":\"2022-08-09T07:36:04+00:00\",\"dateModified\":\"2022-08-09T07:36:06+00:00\",\"description\":\"Vanad mustrid on taaselustatud t\u00e4nap\u00e4evastel vineerist tassialustel, mis on silmusnelinurga, r\u00f5ngasristi ja roosi kujulised.\",\"breadcrumb\":{\"@id\":\"https:\\\/\\\/pinecco.com\\\/en\\\/product\\\/tassialuste-komplekt\\\/#breadcrumb\"},\"inLanguage\":\"en-US\",\"potentialAction\":[{\"@type\":\"ReadAction\",\"target\":[\"https:\\\/\\\/pinecco.com\\\/en\\\/product\\\/tassialuste-komplekt\\\/\"]}]},{\"@type\":\"ImageObject\",\"inLanguage\":\"en-US\",\"@id\":\"https:\\\/\\\/pinecco.com\\\/en\\\/product\\\/tassialuste-komplekt\\\/#primaryimage\",\"url\":\"https:\\\/\\\/pinecco.com\\\/wp-content\\\/uploads\\\/2022\\\/04\\\/Tassialused-etno.jpg\",\"contentUrl\":\"https:\\\/\\\/pinecco.com\\\/wp-content\\\/uploads\\\/2022\\\/04\\\/Tassialused-etno.jpg\",\"width\":600,\"height\":600,\"caption\":\"Tassialused etno\"},{\"@type\":\"BreadcrumbList\",\"@id\":\"https:\\\/\\\/pinecco.com\\\/en\\\/product\\\/tassialuste-komplekt\\\/#breadcrumb\",\"itemListElement\":[{\"@type\":\"ListItem\",\"position\":1,\"name\":\"Home\",\"item\":\"https:\\\/\\\/pinecco.com\\\/\"},{\"@type\":\"ListItem\",\"position\":2,\"name\":\"Pood\",\"item\":\"https:\\\/\\\/pinecco.com\\\/pood\\\/\"},{\"@type\":\"ListItem\",\"position\":3,\"name\":\"Set of coasters\"}]},{\"@type\":\"WebSite\",\"@id\":\"https:\\\/\\\/pinecco.com\\\/#website\",\"url\":\"https:\\\/\\\/pinecco.com\\\/\",\"name\":\"Pinecco\",\"description\":\"Pinecco e-pood\",\"publisher\":{\"@id\":\"https:\\\/\\\/pinecco.com\\\/#organization\"},\"potentialAction\":[{\"@type\":\"SearchAction\",\"target\":{\"@type\":\"EntryPoint\",\"urlTemplate\":\"https:\\\/\\\/pinecco.com\\\/?s={search_term_string}\"},\"query-input\":{\"@type\":\"PropertyValueSpecification\",\"valueRequired\":true,\"valueName\":\"search_term_string\"}}],\"inLanguage\":\"en-US\"},{\"@type\":\"Organization\",\"@id\":\"https:\\\/\\\/pinecco.com\\\/#organization\",\"name\":\"Pinecco O\u00dc\",\"url\":\"https:\\\/\\\/pinecco.com\\\/\",\"logo\":{\"@type\":\"ImageObject\",\"inLanguage\":\"en-US\",\"@id\":\"https:\\\/\\\/pinecco.com\\\/#\\\/schema\\\/logo\\\/image\\\/\",\"url\":\"https:\\\/\\\/pinecco.com\\\/wp-content\\\/uploads\\\/2020\\\/08\\\/Untitled-7.png\",\"contentUrl\":\"https:\\\/\\\/pinecco.com\\\/wp-content\\\/uploads\\\/2020\\\/08\\\/Untitled-7.png\",\"width\":500,\"height\":220,\"caption\":\"Pinecco O\u00dc\"},\"image\":{\"@id\":\"https:\\\/\\\/pinecco.com\\\/#\\\/schema\\\/logo\\\/image\\\/\"},\"sameAs\":[\"https:\\\/\\\/www.facebook.com\\\/pineccodesign\\\/\",\"https:\\\/\\\/www.instagram.com\\\/pineccodesign\\\/\"]}]}<\/script>\n<!-- \/ Yoast SEO plugin. -->","yoast_head_json":{"title":"Set of coasters - Pinecco","description":"Vanad mustrid on taaselustatud t\u00e4nap\u00e4evastel vineerist tassialustel, mis on silmusnelinurga, r\u00f5ngasristi ja roosi kujulised.","robots":{"index":"index","follow":"follow","max-snippet":"max-snippet:-1","max-image-preview":"max-image-preview:large","max-video-preview":"max-video-preview:-1"},"canonical":"https:\/\/pinecco.com\/en\/product\/tassialuste-komplekt\/","og_locale":"en_US","og_type":"article","og_title":"Set of coasters - Pinecco","og_description":"Vanad mustrid on taaselustatud t\u00e4nap\u00e4evastel vineerist tassialustel, mis on silmusnelinurga, r\u00f5ngasristi ja roosi kujulised.","og_url":"https:\/\/pinecco.com\/en\/product\/tassialuste-komplekt\/","og_site_name":"Pinecco","article_publisher":"https:\/\/www.facebook.com\/pineccodesign\/","article_modified_time":"2022-08-09T07:36:06+00:00","og_image":[{"width":600,"height":600,"url":"https:\/\/pinecco.com\/wp-content\/uploads\/2022\/04\/Tassialused-etno.jpg","type":"image\/jpeg"}],"twitter_card":"summary_large_image","twitter_misc":{"Est. reading time":"1 minute"},"schema":{"@context":"https:\/\/schema.org","@graph":[{"@type":"WebPage","@id":"https:\/\/pinecco.com\/en\/product\/tassialuste-komplekt\/","url":"https:\/\/pinecco.com\/en\/product\/tassialuste-komplekt\/","name":"Set of coasters - Pinecco","isPartOf":{"@id":"https:\/\/pinecco.com\/#website"},"primaryImageOfPage":{"@id":"https:\/\/pinecco.com\/en\/product\/tassialuste-komplekt\/#primaryimage"},"image":{"@id":"https:\/\/pinecco.com\/en\/product\/tassialuste-komplekt\/#primaryimage"},"thumbnailUrl":"https:\/\/pinecco.com\/wp-content\/uploads\/2022\/04\/Tassialused-etno.jpg","datePublished":"2022-08-09T07:36:04+00:00","dateModified":"2022-08-09T07:36:06+00:00","description":"Vanad mustrid on taaselustatud t\u00e4nap\u00e4evastel vineerist tassialustel, mis on silmusnelinurga, r\u00f5ngasristi ja roosi kujulised.","breadcrumb":{"@id":"https:\/\/pinecco.com\/en\/product\/tassialuste-komplekt\/#breadcrumb"},"inLanguage":"en-US","potentialAction":[{"@type":"ReadAction","target":["https:\/\/pinecco.com\/en\/product\/tassialuste-komplekt\/"]}]},{"@type":"ImageObject","inLanguage":"en-US","@id":"https:\/\/pinecco.com\/en\/product\/tassialuste-komplekt\/#primaryimage","url":"https:\/\/pinecco.com\/wp-content\/uploads\/2022\/04\/Tassialused-etno.jpg","contentUrl":"https:\/\/pinecco.com\/wp-content\/uploads\/2022\/04\/Tassialused-etno.jpg","width":600,"height":600,"caption":"Tassialused etno"},{"@type":"BreadcrumbList","@id":"https:\/\/pinecco.com\/en\/product\/tassialuste-komplekt\/#breadcrumb","itemListElement":[{"@type":"ListItem","position":1,"name":"Home","item":"https:\/\/pinecco.com\/"},{"@type":"ListItem","position":2,"name":"Pood","item":"https:\/\/pinecco.com\/pood\/"},{"@type":"ListItem","position":3,"name":"Set of coasters"}]},{"@type":"WebSite","@id":"https:\/\/pinecco.com\/#website","url":"https:\/\/pinecco.com\/","name":"Pinecco","description":"Pinecco e-pood","publisher":{"@id":"https:\/\/pinecco.com\/#organization"},"potentialAction":[{"@type":"SearchAction","target":{"@type":"EntryPoint","urlTemplate":"https:\/\/pinecco.com\/?s={search_term_string}"},"query-input":{"@type":"PropertyValueSpecification","valueRequired":true,"valueName":"search_term_string"}}],"inLanguage":"en-US"},{"@type":"Organization","@id":"https:\/\/pinecco.com\/#organization","name":"Pinecco O\u00dc","url":"https:\/\/pinecco.com\/","logo":{"@type":"ImageObject","inLanguage":"en-US","@id":"https:\/\/pinecco.com\/#\/schema\/logo\/image\/","url":"https:\/\/pinecco.com\/wp-content\/uploads\/2020\/08\/Untitled-7.png","contentUrl":"https:\/\/pinecco.com\/wp-content\/uploads\/2020\/08\/Untitled-7.png","width":500,"height":220,"caption":"Pinecco O\u00dc"},"image":{"@id":"https:\/\/pinecco.com\/#\/schema\/logo\/image\/"},"sameAs":["https:\/\/www.facebook.com\/pineccodesign\/","https:\/\/www.instagram.com\/pineccodesign\/"]}]}},"_links":{"self":[{"href":"https:\/\/pinecco.com\/en\/wp-json\/wp\/v2\/product\/11396","targetHints":{"allow":["GET"]}}],"collection":[{"href":"https:\/\/pinecco.com\/en\/wp-json\/wp\/v2\/product"}],"about":[{"href":"https:\/\/pinecco.com\/en\/wp-json\/wp\/v2\/types\/product"}],"wp:featuredmedia":[{"embeddable":true,"href":"https:\/\/pinecco.com\/en\/wp-json\/wp\/v2\/media\/11039"}],"wp:attachment":[{"href":"https:\/\/pinecco.com\/en\/wp-json\/wp\/v2\/media?parent=11396"}],"wp:term":[{"taxonomy":"product_brand","embeddable":true,"href":"https:\/\/pinecco.com\/en\/wp-json\/wp\/v2\/product_brand?post=11396"},{"taxonomy":"product_cat","embeddable":true,"href":"https:\/\/pinecco.com\/en\/wp-json\/wp\/v2\/product_cat?post=11396"},{"taxonomy":"product_tag","embeddable":true,"href":"https:\/\/pinecco.com\/en\/wp-json\/wp\/v2\/product_tag?post=11396"}],"curies":[{"name":"wp","href":"https:\/\/api.w.org\/{rel}","templated":true}]}}