{"id":11179,"date":"2024-05-20T10:09:30","date_gmt":"2024-05-20T07:09:30","guid":{"rendered":"https:\/\/pinecco.com\/?post_type=product&#038;p=11179"},"modified":"2024-05-20T10:09:30","modified_gmt":"2024-05-20T07:09:30","slug":"trips-traps-trull","status":"publish","type":"product","link":"https:\/\/pinecco.com\/en\/toode\/trips-traps-trull\/","title":{"rendered":"Trips-traps-trull"},"content":{"rendered":"<p><strong>Trips-traps-trull m\u00e4ngu<\/strong>\u00a0eesm\u00e4rk on saada kolm \u00fchesugust m\u00e4rki \u00fchte ritta vertikaalselt, horisontaalselt v\u00f5i diagonaalselt.<\/p>\n<p>M\u00e4ng ei sobi alla 3 aasta vanusetele lastele. Sisaldab v\u00e4ikseid t\u00fckikesi.<\/p>\n<p>M\u00e4ngu m\u00f5\u00f5dud ca 10 x 10 x 0,7cm<\/p>\n<p>Toredat m\u00e4ngulusti!<\/p>\n","protected":false},"excerpt":{"rendered":"<p>Trips-traps-trull m\u00e4ngu\u00a0eesm\u00e4rk on saada kolm \u00fchesugust m\u00e4rki \u00fchte ritta vertikaalselt, horisontaalselt v\u00f5i diagonaalselt. M\u00e4ng ei sobi alla 3 aasta vanusetele lastele. Sisaldab v\u00e4ikseid  [&#8230;]<\/p>\n","protected":false},"featured_media":11180,"template":"","meta":{"inline_featured_image":false},"product_brand":[],"product_cat":[31,423,430],"product_tag":[],"class_list":{"0":"post-11179","1":"product","2":"type-product","3":"status-publish","4":"has-post-thumbnail","6":"product_cat-lastele","7":"product_cat-puidust-tooted","8":"product_cat-vippa-tooted","10":"first","11":"instock","12":"taxable","13":"shipping-taxable","14":"purchasable","15":"product-type-simple"},"yoast_head":"<!-- This site is optimized with the Yoast SEO plugin v27.3 - https:\/\/yoast.com\/product\/yoast-seo-wordpress\/ -->\n<title>Trips-traps-trull - Pinecco<\/title>\n<meta name=\"description\" content=\"Trips-traps-trull m\u00e4ngu\u00a0eesm\u00e4rk on saada kolm \u00fchesugust m\u00e4rki \u00fchte ritta vertikaalselt, horisontaalselt v\u00f5i diagonaalselt.\u00a0\" \/>\n<meta name=\"robots\" content=\"index, follow, max-snippet:-1, max-image-preview:large, max-video-preview:-1\" \/>\n<link rel=\"canonical\" href=\"https:\/\/pinecco.com\/toode\/trips-traps-trull\/\" \/>\n<meta property=\"og:locale\" content=\"en_US\" \/>\n<meta property=\"og:type\" content=\"article\" \/>\n<meta property=\"og:title\" content=\"Trips-traps-trull - Pinecco\" \/>\n<meta property=\"og:description\" content=\"Trips-traps-trull m\u00e4ngu\u00a0eesm\u00e4rk on saada kolm \u00fchesugust m\u00e4rki \u00fchte ritta vertikaalselt, horisontaalselt v\u00f5i diagonaalselt.\u00a0\" \/>\n<meta property=\"og:url\" content=\"https:\/\/pinecco.com\/toode\/trips-traps-trull\/\" \/>\n<meta property=\"og:site_name\" content=\"Pinecco\" \/>\n<meta property=\"article:publisher\" content=\"https:\/\/www.facebook.com\/pineccodesign\/\" \/>\n<meta property=\"og:image\" content=\"https:\/\/pinecco.com\/wp-content\/uploads\/2022\/05\/trips-traps-trull.jpg\" \/>\n\t<meta property=\"og:image:width\" content=\"500\" \/>\n\t<meta property=\"og:image:height\" content=\"500\" \/>\n\t<meta property=\"og:image:type\" content=\"image\/jpeg\" \/>\n<meta name=\"twitter:card\" content=\"summary_large_image\" \/>\n<meta name=\"twitter:label1\" content=\"Est. reading time\" \/>\n\t<meta name=\"twitter:data1\" content=\"1 minute\" \/>\n<script type=\"application\/ld+json\" class=\"yoast-schema-graph\">{\"@context\":\"https:\\\/\\\/schema.org\",\"@graph\":[{\"@type\":\"WebPage\",\"@id\":\"https:\\\/\\\/pinecco.com\\\/toode\\\/trips-traps-trull\\\/\",\"url\":\"https:\\\/\\\/pinecco.com\\\/toode\\\/trips-traps-trull\\\/\",\"name\":\"Trips-traps-trull - Pinecco\",\"isPartOf\":{\"@id\":\"https:\\\/\\\/pinecco.com\\\/#website\"},\"primaryImageOfPage\":{\"@id\":\"https:\\\/\\\/pinecco.com\\\/toode\\\/trips-traps-trull\\\/#primaryimage\"},\"image\":{\"@id\":\"https:\\\/\\\/pinecco.com\\\/toode\\\/trips-traps-trull\\\/#primaryimage\"},\"thumbnailUrl\":\"https:\\\/\\\/pinecco.com\\\/wp-content\\\/uploads\\\/2022\\\/05\\\/trips-traps-trull.jpg\",\"datePublished\":\"2024-05-20T07:09:30+00:00\",\"description\":\"Trips-traps-trull m\u00e4ngu\u00a0eesm\u00e4rk on saada kolm \u00fchesugust m\u00e4rki \u00fchte ritta vertikaalselt, horisontaalselt v\u00f5i diagonaalselt.\u00a0\",\"breadcrumb\":{\"@id\":\"https:\\\/\\\/pinecco.com\\\/toode\\\/trips-traps-trull\\\/#breadcrumb\"},\"inLanguage\":\"en-US\",\"potentialAction\":[{\"@type\":\"ReadAction\",\"target\":[\"https:\\\/\\\/pinecco.com\\\/toode\\\/trips-traps-trull\\\/\"]}]},{\"@type\":\"ImageObject\",\"inLanguage\":\"en-US\",\"@id\":\"https:\\\/\\\/pinecco.com\\\/toode\\\/trips-traps-trull\\\/#primaryimage\",\"url\":\"https:\\\/\\\/pinecco.com\\\/wp-content\\\/uploads\\\/2022\\\/05\\\/trips-traps-trull.jpg\",\"contentUrl\":\"https:\\\/\\\/pinecco.com\\\/wp-content\\\/uploads\\\/2022\\\/05\\\/trips-traps-trull.jpg\",\"width\":500,\"height\":500,\"caption\":\"trips-traps-trull\"},{\"@type\":\"BreadcrumbList\",\"@id\":\"https:\\\/\\\/pinecco.com\\\/toode\\\/trips-traps-trull\\\/#breadcrumb\",\"itemListElement\":[{\"@type\":\"ListItem\",\"position\":1,\"name\":\"Home\",\"item\":\"https:\\\/\\\/pinecco.com\\\/\"},{\"@type\":\"ListItem\",\"position\":2,\"name\":\"Pood\",\"item\":\"https:\\\/\\\/pinecco.com\\\/pood\\\/\"},{\"@type\":\"ListItem\",\"position\":3,\"name\":\"Trips-traps-trull\"}]},{\"@type\":\"WebSite\",\"@id\":\"https:\\\/\\\/pinecco.com\\\/#website\",\"url\":\"https:\\\/\\\/pinecco.com\\\/\",\"name\":\"Pinecco\",\"description\":\"Pinecco e-pood\",\"publisher\":{\"@id\":\"https:\\\/\\\/pinecco.com\\\/#organization\"},\"potentialAction\":[{\"@type\":\"SearchAction\",\"target\":{\"@type\":\"EntryPoint\",\"urlTemplate\":\"https:\\\/\\\/pinecco.com\\\/?s={search_term_string}\"},\"query-input\":{\"@type\":\"PropertyValueSpecification\",\"valueRequired\":true,\"valueName\":\"search_term_string\"}}],\"inLanguage\":\"en-US\"},{\"@type\":\"Organization\",\"@id\":\"https:\\\/\\\/pinecco.com\\\/#organization\",\"name\":\"Pinecco O\u00dc\",\"url\":\"https:\\\/\\\/pinecco.com\\\/\",\"logo\":{\"@type\":\"ImageObject\",\"inLanguage\":\"en-US\",\"@id\":\"https:\\\/\\\/pinecco.com\\\/#\\\/schema\\\/logo\\\/image\\\/\",\"url\":\"https:\\\/\\\/pinecco.com\\\/wp-content\\\/uploads\\\/2020\\\/08\\\/Untitled-7.png\",\"contentUrl\":\"https:\\\/\\\/pinecco.com\\\/wp-content\\\/uploads\\\/2020\\\/08\\\/Untitled-7.png\",\"width\":500,\"height\":220,\"caption\":\"Pinecco O\u00dc\"},\"image\":{\"@id\":\"https:\\\/\\\/pinecco.com\\\/#\\\/schema\\\/logo\\\/image\\\/\"},\"sameAs\":[\"https:\\\/\\\/www.facebook.com\\\/pineccodesign\\\/\",\"https:\\\/\\\/www.instagram.com\\\/pineccodesign\\\/\"]}]}<\/script>\n<!-- \/ Yoast SEO plugin. -->","yoast_head_json":{"title":"Trips-traps-trull - Pinecco","description":"Trips-traps-trull m\u00e4ngu\u00a0eesm\u00e4rk on saada kolm \u00fchesugust m\u00e4rki \u00fchte ritta vertikaalselt, horisontaalselt v\u00f5i diagonaalselt.\u00a0","robots":{"index":"index","follow":"follow","max-snippet":"max-snippet:-1","max-image-preview":"max-image-preview:large","max-video-preview":"max-video-preview:-1"},"canonical":"https:\/\/pinecco.com\/toode\/trips-traps-trull\/","og_locale":"en_US","og_type":"article","og_title":"Trips-traps-trull - Pinecco","og_description":"Trips-traps-trull m\u00e4ngu\u00a0eesm\u00e4rk on saada kolm \u00fchesugust m\u00e4rki \u00fchte ritta vertikaalselt, horisontaalselt v\u00f5i diagonaalselt.\u00a0","og_url":"https:\/\/pinecco.com\/toode\/trips-traps-trull\/","og_site_name":"Pinecco","article_publisher":"https:\/\/www.facebook.com\/pineccodesign\/","og_image":[{"url":"https:\/\/pinecco.com\/wp-content\/uploads\/2022\/05\/trips-traps-trull.jpg","width":500,"height":500,"type":"image\/jpeg"}],"twitter_card":"summary_large_image","twitter_misc":{"Est. reading time":"1 minute"},"schema":{"@context":"https:\/\/schema.org","@graph":[{"@type":"WebPage","@id":"https:\/\/pinecco.com\/toode\/trips-traps-trull\/","url":"https:\/\/pinecco.com\/toode\/trips-traps-trull\/","name":"Trips-traps-trull - Pinecco","isPartOf":{"@id":"https:\/\/pinecco.com\/#website"},"primaryImageOfPage":{"@id":"https:\/\/pinecco.com\/toode\/trips-traps-trull\/#primaryimage"},"image":{"@id":"https:\/\/pinecco.com\/toode\/trips-traps-trull\/#primaryimage"},"thumbnailUrl":"https:\/\/pinecco.com\/wp-content\/uploads\/2022\/05\/trips-traps-trull.jpg","datePublished":"2024-05-20T07:09:30+00:00","description":"Trips-traps-trull m\u00e4ngu\u00a0eesm\u00e4rk on saada kolm \u00fchesugust m\u00e4rki \u00fchte ritta vertikaalselt, horisontaalselt v\u00f5i diagonaalselt.\u00a0","breadcrumb":{"@id":"https:\/\/pinecco.com\/toode\/trips-traps-trull\/#breadcrumb"},"inLanguage":"en-US","potentialAction":[{"@type":"ReadAction","target":["https:\/\/pinecco.com\/toode\/trips-traps-trull\/"]}]},{"@type":"ImageObject","inLanguage":"en-US","@id":"https:\/\/pinecco.com\/toode\/trips-traps-trull\/#primaryimage","url":"https:\/\/pinecco.com\/wp-content\/uploads\/2022\/05\/trips-traps-trull.jpg","contentUrl":"https:\/\/pinecco.com\/wp-content\/uploads\/2022\/05\/trips-traps-trull.jpg","width":500,"height":500,"caption":"trips-traps-trull"},{"@type":"BreadcrumbList","@id":"https:\/\/pinecco.com\/toode\/trips-traps-trull\/#breadcrumb","itemListElement":[{"@type":"ListItem","position":1,"name":"Home","item":"https:\/\/pinecco.com\/"},{"@type":"ListItem","position":2,"name":"Pood","item":"https:\/\/pinecco.com\/pood\/"},{"@type":"ListItem","position":3,"name":"Trips-traps-trull"}]},{"@type":"WebSite","@id":"https:\/\/pinecco.com\/#website","url":"https:\/\/pinecco.com\/","name":"Pinecco","description":"Pinecco e-pood","publisher":{"@id":"https:\/\/pinecco.com\/#organization"},"potentialAction":[{"@type":"SearchAction","target":{"@type":"EntryPoint","urlTemplate":"https:\/\/pinecco.com\/?s={search_term_string}"},"query-input":{"@type":"PropertyValueSpecification","valueRequired":true,"valueName":"search_term_string"}}],"inLanguage":"en-US"},{"@type":"Organization","@id":"https:\/\/pinecco.com\/#organization","name":"Pinecco O\u00dc","url":"https:\/\/pinecco.com\/","logo":{"@type":"ImageObject","inLanguage":"en-US","@id":"https:\/\/pinecco.com\/#\/schema\/logo\/image\/","url":"https:\/\/pinecco.com\/wp-content\/uploads\/2020\/08\/Untitled-7.png","contentUrl":"https:\/\/pinecco.com\/wp-content\/uploads\/2020\/08\/Untitled-7.png","width":500,"height":220,"caption":"Pinecco O\u00dc"},"image":{"@id":"https:\/\/pinecco.com\/#\/schema\/logo\/image\/"},"sameAs":["https:\/\/www.facebook.com\/pineccodesign\/","https:\/\/www.instagram.com\/pineccodesign\/"]}]}},"_links":{"self":[{"href":"https:\/\/pinecco.com\/en\/wp-json\/wp\/v2\/product\/11179","targetHints":{"allow":["GET"]}}],"collection":[{"href":"https:\/\/pinecco.com\/en\/wp-json\/wp\/v2\/product"}],"about":[{"href":"https:\/\/pinecco.com\/en\/wp-json\/wp\/v2\/types\/product"}],"wp:featuredmedia":[{"embeddable":true,"href":"https:\/\/pinecco.com\/en\/wp-json\/wp\/v2\/media\/11180"}],"wp:attachment":[{"href":"https:\/\/pinecco.com\/en\/wp-json\/wp\/v2\/media?parent=11179"}],"wp:term":[{"taxonomy":"product_brand","embeddable":true,"href":"https:\/\/pinecco.com\/en\/wp-json\/wp\/v2\/product_brand?post=11179"},{"taxonomy":"product_cat","embeddable":true,"href":"https:\/\/pinecco.com\/en\/wp-json\/wp\/v2\/product_cat?post=11179"},{"taxonomy":"product_tag","embeddable":true,"href":"https:\/\/pinecco.com\/en\/wp-json\/wp\/v2\/product_tag?post=11179"}],"curies":[{"name":"wp","href":"https:\/\/api.w.org\/{rel}","templated":true}]}}