{"id":10741,"date":"2022-01-17T14:46:53","date_gmt":"2022-03-13T18:23:46","guid":{"rendered":"https:\/\/pinecco.com\/toode\/onion-growing-kit\/"},"modified":"2022-06-09T14:37:46","modified_gmt":"2022-06-09T11:37:46","slug":"onion-growing","status":"publish","type":"product","link":"https:\/\/pinecco.com\/en\/product\/onion-growing\/","title":{"rendered":"Onion growing kit"},"content":{"rendered":"<p>*Glass for growing onions<br \/>\n*Lid for storing onions (name, text, etc. can be placed on the onion holder and on the glass)<br \/>\n*The two best onions from Lake Peipsi<br \/>\nKimbutavate viirushaiguste ja peatselt saabuva kevadv\u00e4simusega v\u00f5itlemiseks on meil stiilne nipp, kuidas<br \/>\nise vitamiine kasvatada. Lisaks sibula pealsete silmn\u00e4htavale kasvule on l\u00e4bi klaasi p\u00f5nev j\u00e4lgida, kuidas arenevad sibula juured. Sibula kasvatamine v\u00f5ib olla v\u00e4ga nauditav tegevus, eriti kui sellesse kaasata ka pere nooremad ja \u00e4rksamad tegelased.<br \/>\nKui aga t\u00f5esti ei viitsi sibula kasvatamist ette v\u00f5tta, siis s\u00f6\u00f6ge sibulad lihtsalt \u00e4ra ja kasutage klaasi m\u00f5ne meeldiva joogi<br \/>\nmanustamiseks. Oma koguse vitamiine saate k\u00e4tte selgi viisil.<br \/>\nToetades omasid, pakume sibulakasvatuses kuulsat Peipsi sibulat, et tutvustada seda erilist ja omap\u00e4rast kultuurip\u00e4randit. T\u00e4itke klaas puhta veega ja nautige kasvatamist.<\/p>\n<p>We manufacture the products according to your orders. Therefore, the usual time to complete the products is 5-7 working days. If you want to receive your order faster, write to us <a href=\"mailto:info@pinecco.com\">info@pinecco.com<\/a><\/p>\n","protected":false},"excerpt":{"rendered":"[fusion_checklist icon=\"fa-check\" iconcolor=\"\" circle=\"no\" circlecolor=\"\" size=\"15px\" class=\"\" id=\"\"]<br \/>\n[fusion_li_item icon=\"\"]Choose a special design if you want an engraved onion cover[\/fusion_li_item][fusion_li_item icon=\"\"]Without engraving &#8211; lid for growing onions without engraving[\/fusion_li_item]<br \/>\n[\/fusion_checklist]\n","protected":false},"featured_media":8864,"template":"","meta":{"inline_featured_image":false},"product_brand":[],"product_cat":[282,136,429],"product_tag":[],"class_list":{"0":"post-10741","1":"product","2":"type-product","3":"status-publish","4":"has-post-thumbnail","6":"product_cat-gift-sets","7":"product_cat-decor","8":"product_cat-mothers-day","10":"first","11":"instock","12":"taxable","13":"shipping-taxable","14":"purchasable","15":"product-type-variable"},"yoast_head":"<!-- This site is optimized with the Yoast SEO plugin v27.4 - https:\/\/yoast.com\/product\/yoast-seo-wordpress\/ -->\n<title>Onion growing kit - Pinecco<\/title>\n<meta name=\"description\" content=\"We have a stylish tip on how to grow vitamins yourself to fight the viral diseases and the upcoming spring fatigue.\" \/>\n<meta name=\"robots\" content=\"index, follow, max-snippet:-1, max-image-preview:large, max-video-preview:-1\" \/>\n<link rel=\"canonical\" href=\"https:\/\/pinecco.com\/en\/product\/onion-growing\/\" \/>\n<meta property=\"og:locale\" content=\"en_US\" \/>\n<meta property=\"og:type\" content=\"article\" \/>\n<meta property=\"og:title\" content=\"Onion growing kit - Pinecco\" \/>\n<meta property=\"og:description\" content=\"We have a stylish tip on how to grow vitamins yourself to fight the viral diseases and the upcoming spring fatigue.\" \/>\n<meta property=\"og:url\" content=\"https:\/\/pinecco.com\/en\/product\/onion-growing\/\" \/>\n<meta property=\"og:site_name\" content=\"Pinecco\" \/>\n<meta property=\"article:publisher\" content=\"https:\/\/www.facebook.com\/pineccodesign\/\" \/>\n<meta property=\"article:modified_time\" content=\"2022-06-09T11:37:46+00:00\" \/>\n<meta property=\"og:image\" content=\"https:\/\/pinecco.com\/wp-content\/uploads\/2022\/01\/Sibulakasvataja.jpg\" \/>\n\t<meta property=\"og:image:width\" content=\"700\" \/>\n\t<meta property=\"og:image:height\" content=\"700\" \/>\n\t<meta property=\"og:image:type\" content=\"image\/jpeg\" \/>\n<meta name=\"twitter:card\" content=\"summary_large_image\" \/>\n<meta name=\"twitter:label1\" content=\"Est. reading time\" \/>\n\t<meta name=\"twitter:data1\" content=\"1 minute\" \/>\n<script type=\"application\/ld+json\" class=\"yoast-schema-graph\">{\"@context\":\"https:\\\/\\\/schema.org\",\"@graph\":[{\"@type\":\"WebPage\",\"@id\":\"https:\\\/\\\/pinecco.com\\\/en\\\/product\\\/onion-growing\\\/\",\"url\":\"https:\\\/\\\/pinecco.com\\\/en\\\/product\\\/onion-growing\\\/\",\"name\":\"Onion growing kit - Pinecco\",\"isPartOf\":{\"@id\":\"https:\\\/\\\/pinecco.com\\\/#website\"},\"primaryImageOfPage\":{\"@id\":\"https:\\\/\\\/pinecco.com\\\/en\\\/product\\\/onion-growing\\\/#primaryimage\"},\"image\":{\"@id\":\"https:\\\/\\\/pinecco.com\\\/en\\\/product\\\/onion-growing\\\/#primaryimage\"},\"thumbnailUrl\":\"https:\\\/\\\/pinecco.com\\\/wp-content\\\/uploads\\\/2022\\\/01\\\/Sibulakasvataja.jpg\",\"datePublished\":\"2022-03-13T18:23:46+00:00\",\"dateModified\":\"2022-06-09T11:37:46+00:00\",\"description\":\"We have a stylish tip on how to grow vitamins yourself to fight the viral diseases and the upcoming spring fatigue.\",\"breadcrumb\":{\"@id\":\"https:\\\/\\\/pinecco.com\\\/en\\\/product\\\/onion-growing\\\/#breadcrumb\"},\"inLanguage\":\"en-US\",\"potentialAction\":[{\"@type\":\"ReadAction\",\"target\":[\"https:\\\/\\\/pinecco.com\\\/en\\\/product\\\/onion-growing\\\/\"]}]},{\"@type\":\"ImageObject\",\"inLanguage\":\"en-US\",\"@id\":\"https:\\\/\\\/pinecco.com\\\/en\\\/product\\\/onion-growing\\\/#primaryimage\",\"url\":\"https:\\\/\\\/pinecco.com\\\/wp-content\\\/uploads\\\/2022\\\/01\\\/Sibulakasvataja.jpg\",\"contentUrl\":\"https:\\\/\\\/pinecco.com\\\/wp-content\\\/uploads\\\/2022\\\/01\\\/Sibulakasvataja.jpg\",\"width\":700,\"height\":700,\"caption\":\"Sibulakasvataja\"},{\"@type\":\"BreadcrumbList\",\"@id\":\"https:\\\/\\\/pinecco.com\\\/en\\\/product\\\/onion-growing\\\/#breadcrumb\",\"itemListElement\":[{\"@type\":\"ListItem\",\"position\":1,\"name\":\"Home\",\"item\":\"https:\\\/\\\/pinecco.com\\\/\"},{\"@type\":\"ListItem\",\"position\":2,\"name\":\"Pood\",\"item\":\"https:\\\/\\\/pinecco.com\\\/pood\\\/\"},{\"@type\":\"ListItem\",\"position\":3,\"name\":\"Onion growing kit\"}]},{\"@type\":\"WebSite\",\"@id\":\"https:\\\/\\\/pinecco.com\\\/#website\",\"url\":\"https:\\\/\\\/pinecco.com\\\/\",\"name\":\"Pinecco\",\"description\":\"Pinecco e-pood\",\"publisher\":{\"@id\":\"https:\\\/\\\/pinecco.com\\\/#organization\"},\"potentialAction\":[{\"@type\":\"SearchAction\",\"target\":{\"@type\":\"EntryPoint\",\"urlTemplate\":\"https:\\\/\\\/pinecco.com\\\/?s={search_term_string}\"},\"query-input\":{\"@type\":\"PropertyValueSpecification\",\"valueRequired\":true,\"valueName\":\"search_term_string\"}}],\"inLanguage\":\"en-US\"},{\"@type\":\"Organization\",\"@id\":\"https:\\\/\\\/pinecco.com\\\/#organization\",\"name\":\"Pinecco O\u00dc\",\"url\":\"https:\\\/\\\/pinecco.com\\\/\",\"logo\":{\"@type\":\"ImageObject\",\"inLanguage\":\"en-US\",\"@id\":\"https:\\\/\\\/pinecco.com\\\/#\\\/schema\\\/logo\\\/image\\\/\",\"url\":\"https:\\\/\\\/pinecco.com\\\/wp-content\\\/uploads\\\/2020\\\/08\\\/Untitled-7.png\",\"contentUrl\":\"https:\\\/\\\/pinecco.com\\\/wp-content\\\/uploads\\\/2020\\\/08\\\/Untitled-7.png\",\"width\":500,\"height\":220,\"caption\":\"Pinecco O\u00dc\"},\"image\":{\"@id\":\"https:\\\/\\\/pinecco.com\\\/#\\\/schema\\\/logo\\\/image\\\/\"},\"sameAs\":[\"https:\\\/\\\/www.facebook.com\\\/pineccodesign\\\/\",\"https:\\\/\\\/www.instagram.com\\\/pineccodesign\\\/\"]}]}<\/script>\n<!-- \/ Yoast SEO plugin. -->","yoast_head_json":{"title":"Onion growing kit - Pinecco","description":"We have a stylish tip on how to grow vitamins yourself to fight the viral diseases and the upcoming spring fatigue.","robots":{"index":"index","follow":"follow","max-snippet":"max-snippet:-1","max-image-preview":"max-image-preview:large","max-video-preview":"max-video-preview:-1"},"canonical":"https:\/\/pinecco.com\/en\/product\/onion-growing\/","og_locale":"en_US","og_type":"article","og_title":"Onion growing kit - Pinecco","og_description":"We have a stylish tip on how to grow vitamins yourself to fight the viral diseases and the upcoming spring fatigue.","og_url":"https:\/\/pinecco.com\/en\/product\/onion-growing\/","og_site_name":"Pinecco","article_publisher":"https:\/\/www.facebook.com\/pineccodesign\/","article_modified_time":"2022-06-09T11:37:46+00:00","og_image":[{"width":700,"height":700,"url":"https:\/\/pinecco.com\/wp-content\/uploads\/2022\/01\/Sibulakasvataja.jpg","type":"image\/jpeg"}],"twitter_card":"summary_large_image","twitter_misc":{"Est. reading time":"1 minute"},"schema":{"@context":"https:\/\/schema.org","@graph":[{"@type":"WebPage","@id":"https:\/\/pinecco.com\/en\/product\/onion-growing\/","url":"https:\/\/pinecco.com\/en\/product\/onion-growing\/","name":"Onion growing kit - Pinecco","isPartOf":{"@id":"https:\/\/pinecco.com\/#website"},"primaryImageOfPage":{"@id":"https:\/\/pinecco.com\/en\/product\/onion-growing\/#primaryimage"},"image":{"@id":"https:\/\/pinecco.com\/en\/product\/onion-growing\/#primaryimage"},"thumbnailUrl":"https:\/\/pinecco.com\/wp-content\/uploads\/2022\/01\/Sibulakasvataja.jpg","datePublished":"2022-03-13T18:23:46+00:00","dateModified":"2022-06-09T11:37:46+00:00","description":"We have a stylish tip on how to grow vitamins yourself to fight the viral diseases and the upcoming spring fatigue.","breadcrumb":{"@id":"https:\/\/pinecco.com\/en\/product\/onion-growing\/#breadcrumb"},"inLanguage":"en-US","potentialAction":[{"@type":"ReadAction","target":["https:\/\/pinecco.com\/en\/product\/onion-growing\/"]}]},{"@type":"ImageObject","inLanguage":"en-US","@id":"https:\/\/pinecco.com\/en\/product\/onion-growing\/#primaryimage","url":"https:\/\/pinecco.com\/wp-content\/uploads\/2022\/01\/Sibulakasvataja.jpg","contentUrl":"https:\/\/pinecco.com\/wp-content\/uploads\/2022\/01\/Sibulakasvataja.jpg","width":700,"height":700,"caption":"Sibulakasvataja"},{"@type":"BreadcrumbList","@id":"https:\/\/pinecco.com\/en\/product\/onion-growing\/#breadcrumb","itemListElement":[{"@type":"ListItem","position":1,"name":"Home","item":"https:\/\/pinecco.com\/"},{"@type":"ListItem","position":2,"name":"Pood","item":"https:\/\/pinecco.com\/pood\/"},{"@type":"ListItem","position":3,"name":"Onion growing kit"}]},{"@type":"WebSite","@id":"https:\/\/pinecco.com\/#website","url":"https:\/\/pinecco.com\/","name":"Pinecco","description":"Pinecco e-pood","publisher":{"@id":"https:\/\/pinecco.com\/#organization"},"potentialAction":[{"@type":"SearchAction","target":{"@type":"EntryPoint","urlTemplate":"https:\/\/pinecco.com\/?s={search_term_string}"},"query-input":{"@type":"PropertyValueSpecification","valueRequired":true,"valueName":"search_term_string"}}],"inLanguage":"en-US"},{"@type":"Organization","@id":"https:\/\/pinecco.com\/#organization","name":"Pinecco O\u00dc","url":"https:\/\/pinecco.com\/","logo":{"@type":"ImageObject","inLanguage":"en-US","@id":"https:\/\/pinecco.com\/#\/schema\/logo\/image\/","url":"https:\/\/pinecco.com\/wp-content\/uploads\/2020\/08\/Untitled-7.png","contentUrl":"https:\/\/pinecco.com\/wp-content\/uploads\/2020\/08\/Untitled-7.png","width":500,"height":220,"caption":"Pinecco O\u00dc"},"image":{"@id":"https:\/\/pinecco.com\/#\/schema\/logo\/image\/"},"sameAs":["https:\/\/www.facebook.com\/pineccodesign\/","https:\/\/www.instagram.com\/pineccodesign\/"]}]}},"_links":{"self":[{"href":"https:\/\/pinecco.com\/en\/wp-json\/wp\/v2\/product\/10741","targetHints":{"allow":["GET"]}}],"collection":[{"href":"https:\/\/pinecco.com\/en\/wp-json\/wp\/v2\/product"}],"about":[{"href":"https:\/\/pinecco.com\/en\/wp-json\/wp\/v2\/types\/product"}],"wp:featuredmedia":[{"embeddable":true,"href":"https:\/\/pinecco.com\/en\/wp-json\/wp\/v2\/media\/8864"}],"wp:attachment":[{"href":"https:\/\/pinecco.com\/en\/wp-json\/wp\/v2\/media?parent=10741"}],"wp:term":[{"taxonomy":"product_brand","embeddable":true,"href":"https:\/\/pinecco.com\/en\/wp-json\/wp\/v2\/product_brand?post=10741"},{"taxonomy":"product_cat","embeddable":true,"href":"https:\/\/pinecco.com\/en\/wp-json\/wp\/v2\/product_cat?post=10741"},{"taxonomy":"product_tag","embeddable":true,"href":"https:\/\/pinecco.com\/en\/wp-json\/wp\/v2\/product_tag?post=10741"}],"curies":[{"name":"wp","href":"https:\/\/api.w.org\/{rel}","templated":true}]}}